{"id":786,"date":"2018-08-28T10:56:21","date_gmt":"2018-08-28T08:56:21","guid":{"rendered":"http:\/\/metiers-horlogerie.ch\/?page_id=786"},"modified":"2019-09-23T09:59:01","modified_gmt":"2019-09-23T07:59:01","slug":"ereignisse-nachrichten","status":"publish","type":"page","link":"https:\/\/metiers-horlogerie.ch\/de\/ereignisse-nachrichten\/","title":{"rendered":"Veranstaltungen, News"},"content":{"rendered":"","protected":false},"excerpt":{"rendered":"","protected":false},"author":1,"featured_media":661,"parent":0,"menu_order":0,"comment_status":"closed","ping_status":"closed","template":"template-events.php","meta":{"_acf_changed":false,"_monsterinsights_skip_tracking":false,"_monsterinsights_sitenote_active":false,"_monsterinsights_sitenote_note":"","_monsterinsights_sitenote_category":0,"footnotes":""},"class_list":["post-786","page","type-page","status-publish","has-post-thumbnail","hentry"],"acf":[],"yoast_head":"<!-- This site is optimized with the Yoast SEO plugin v27.4 - https:\/\/yoast.com\/product\/yoast-seo-wordpress\/ -->\n<title>Veranstaltungen, News - M\u00e9tiers de l&#039;horlogerie<\/title>\n<meta name=\"robots\" content=\"index, follow, max-snippet:-1, max-image-preview:large, max-video-preview:-1\" \/>\n<link rel=\"canonical\" href=\"https:\/\/metiers-horlogerie.ch\/de\/ereignisse-nachrichten\/\" \/>\n<meta property=\"og:locale\" content=\"de_DE\" \/>\n<meta property=\"og:type\" content=\"article\" \/>\n<meta property=\"og:title\" content=\"Veranstaltungen, News - M\u00e9tiers de l&#039;horlogerie\" \/>\n<meta property=\"og:url\" content=\"https:\/\/metiers-horlogerie.ch\/de\/ereignisse-nachrichten\/\" \/>\n<meta property=\"og:site_name\" content=\"M\u00e9tiers de l&#039;horlogerie\" \/>\n<meta property=\"article:modified_time\" content=\"2019-09-23T07:59:01+00:00\" \/>\n<meta property=\"og:image\" content=\"https:\/\/metiers-horlogerie.ch\/wp-content\/uploads\/bijoutier_slider_3.jpg\" \/>\n\t<meta property=\"og:image:width\" content=\"1366\" \/>\n\t<meta property=\"og:image:height\" content=\"768\" \/>\n\t<meta property=\"og:image:type\" content=\"image\/jpeg\" \/>\n<meta name=\"twitter:card\" content=\"summary_large_image\" \/>\n<script type=\"application\/ld+json\" class=\"yoast-schema-graph\">{\"@context\":\"https:\\\/\\\/schema.org\",\"@graph\":[{\"@type\":\"WebPage\",\"@id\":\"https:\\\/\\\/metiers-horlogerie.ch\\\/de\\\/ereignisse-nachrichten\\\/\",\"url\":\"https:\\\/\\\/metiers-horlogerie.ch\\\/de\\\/ereignisse-nachrichten\\\/\",\"name\":\"Veranstaltungen, News - M\u00e9tiers de l&#039;horlogerie\",\"isPartOf\":{\"@id\":\"https:\\\/\\\/metiers-horlogerie.ch\\\/#website\"},\"primaryImageOfPage\":{\"@id\":\"https:\\\/\\\/metiers-horlogerie.ch\\\/de\\\/ereignisse-nachrichten\\\/#primaryimage\"},\"image\":{\"@id\":\"https:\\\/\\\/metiers-horlogerie.ch\\\/de\\\/ereignisse-nachrichten\\\/#primaryimage\"},\"thumbnailUrl\":\"https:\\\/\\\/metiers-horlogerie.ch\\\/wp-content\\\/uploads\\\/bijoutier_slider_3.jpg\",\"datePublished\":\"2018-08-28T08:56:21+00:00\",\"dateModified\":\"2019-09-23T07:59:01+00:00\",\"breadcrumb\":{\"@id\":\"https:\\\/\\\/metiers-horlogerie.ch\\\/de\\\/ereignisse-nachrichten\\\/#breadcrumb\"},\"inLanguage\":\"de\",\"potentialAction\":[{\"@type\":\"ReadAction\",\"target\":[\"https:\\\/\\\/metiers-horlogerie.ch\\\/de\\\/ereignisse-nachrichten\\\/\"]}]},{\"@type\":\"ImageObject\",\"inLanguage\":\"de\",\"@id\":\"https:\\\/\\\/metiers-horlogerie.ch\\\/de\\\/ereignisse-nachrichten\\\/#primaryimage\",\"url\":\"https:\\\/\\\/metiers-horlogerie.ch\\\/wp-content\\\/uploads\\\/bijoutier_slider_3.jpg\",\"contentUrl\":\"https:\\\/\\\/metiers-horlogerie.ch\\\/wp-content\\\/uploads\\\/bijoutier_slider_3.jpg\",\"width\":1366,\"height\":768},{\"@type\":\"BreadcrumbList\",\"@id\":\"https:\\\/\\\/metiers-horlogerie.ch\\\/de\\\/ereignisse-nachrichten\\\/#breadcrumb\",\"itemListElement\":[{\"@type\":\"ListItem\",\"position\":1,\"name\":\"Accueil\",\"item\":\"https:\\\/\\\/metiers-horlogerie.ch\\\/de\\\/\"},{\"@type\":\"ListItem\",\"position\":2,\"name\":\"Veranstaltungen, News\"}]},{\"@type\":\"WebSite\",\"@id\":\"https:\\\/\\\/metiers-horlogerie.ch\\\/#website\",\"url\":\"https:\\\/\\\/metiers-horlogerie.ch\\\/\",\"name\":\"M\u00e9tiers de l&#039;horlogerie\",\"description\":\"D\u00e9couvrir les m\u00e9tiers li\u00e9s \u00e0 l&#039;horlogerie\",\"potentialAction\":[{\"@type\":\"SearchAction\",\"target\":{\"@type\":\"EntryPoint\",\"urlTemplate\":\"https:\\\/\\\/metiers-horlogerie.ch\\\/?s={search_term_string}\"},\"query-input\":{\"@type\":\"PropertyValueSpecification\",\"valueRequired\":true,\"valueName\":\"search_term_string\"}}],\"inLanguage\":\"de\"}]}<\/script>\n<!-- \/ Yoast SEO plugin. -->","yoast_head_json":{"title":"Veranstaltungen, News - M\u00e9tiers de l&#039;horlogerie","robots":{"index":"index","follow":"follow","max-snippet":"max-snippet:-1","max-image-preview":"max-image-preview:large","max-video-preview":"max-video-preview:-1"},"canonical":"https:\/\/metiers-horlogerie.ch\/de\/ereignisse-nachrichten\/","og_locale":"de_DE","og_type":"article","og_title":"Veranstaltungen, News - M\u00e9tiers de l&#039;horlogerie","og_url":"https:\/\/metiers-horlogerie.ch\/de\/ereignisse-nachrichten\/","og_site_name":"M\u00e9tiers de l&#039;horlogerie","article_modified_time":"2019-09-23T07:59:01+00:00","og_image":[{"width":1366,"height":768,"url":"https:\/\/metiers-horlogerie.ch\/wp-content\/uploads\/bijoutier_slider_3.jpg","type":"image\/jpeg"}],"twitter_card":"summary_large_image","schema":{"@context":"https:\/\/schema.org","@graph":[{"@type":"WebPage","@id":"https:\/\/metiers-horlogerie.ch\/de\/ereignisse-nachrichten\/","url":"https:\/\/metiers-horlogerie.ch\/de\/ereignisse-nachrichten\/","name":"Veranstaltungen, News - M\u00e9tiers de l&#039;horlogerie","isPartOf":{"@id":"https:\/\/metiers-horlogerie.ch\/#website"},"primaryImageOfPage":{"@id":"https:\/\/metiers-horlogerie.ch\/de\/ereignisse-nachrichten\/#primaryimage"},"image":{"@id":"https:\/\/metiers-horlogerie.ch\/de\/ereignisse-nachrichten\/#primaryimage"},"thumbnailUrl":"https:\/\/metiers-horlogerie.ch\/wp-content\/uploads\/bijoutier_slider_3.jpg","datePublished":"2018-08-28T08:56:21+00:00","dateModified":"2019-09-23T07:59:01+00:00","breadcrumb":{"@id":"https:\/\/metiers-horlogerie.ch\/de\/ereignisse-nachrichten\/#breadcrumb"},"inLanguage":"de","potentialAction":[{"@type":"ReadAction","target":["https:\/\/metiers-horlogerie.ch\/de\/ereignisse-nachrichten\/"]}]},{"@type":"ImageObject","inLanguage":"de","@id":"https:\/\/metiers-horlogerie.ch\/de\/ereignisse-nachrichten\/#primaryimage","url":"https:\/\/metiers-horlogerie.ch\/wp-content\/uploads\/bijoutier_slider_3.jpg","contentUrl":"https:\/\/metiers-horlogerie.ch\/wp-content\/uploads\/bijoutier_slider_3.jpg","width":1366,"height":768},{"@type":"BreadcrumbList","@id":"https:\/\/metiers-horlogerie.ch\/de\/ereignisse-nachrichten\/#breadcrumb","itemListElement":[{"@type":"ListItem","position":1,"name":"Accueil","item":"https:\/\/metiers-horlogerie.ch\/de\/"},{"@type":"ListItem","position":2,"name":"Veranstaltungen, News"}]},{"@type":"WebSite","@id":"https:\/\/metiers-horlogerie.ch\/#website","url":"https:\/\/metiers-horlogerie.ch\/","name":"M\u00e9tiers de l&#039;horlogerie","description":"D\u00e9couvrir les m\u00e9tiers li\u00e9s \u00e0 l&#039;horlogerie","potentialAction":[{"@type":"SearchAction","target":{"@type":"EntryPoint","urlTemplate":"https:\/\/metiers-horlogerie.ch\/?s={search_term_string}"},"query-input":{"@type":"PropertyValueSpecification","valueRequired":true,"valueName":"search_term_string"}}],"inLanguage":"de"}]}},"_links":{"self":[{"href":"https:\/\/metiers-horlogerie.ch\/de\/wp-json\/wp\/v2\/pages\/786","targetHints":{"allow":["GET"]}}],"collection":[{"href":"https:\/\/metiers-horlogerie.ch\/de\/wp-json\/wp\/v2\/pages"}],"about":[{"href":"https:\/\/metiers-horlogerie.ch\/de\/wp-json\/wp\/v2\/types\/page"}],"author":[{"embeddable":true,"href":"https:\/\/metiers-horlogerie.ch\/de\/wp-json\/wp\/v2\/users\/1"}],"replies":[{"embeddable":true,"href":"https:\/\/metiers-horlogerie.ch\/de\/wp-json\/wp\/v2\/comments?post=786"}],"version-history":[{"count":2,"href":"https:\/\/metiers-horlogerie.ch\/de\/wp-json\/wp\/v2\/pages\/786\/revisions"}],"predecessor-version":[{"id":1575,"href":"https:\/\/metiers-horlogerie.ch\/de\/wp-json\/wp\/v2\/pages\/786\/revisions\/1575"}],"wp:featuredmedia":[{"embeddable":true,"href":"https:\/\/metiers-horlogerie.ch\/de\/wp-json\/wp\/v2\/media\/661"}],"wp:attachment":[{"href":"https:\/\/metiers-horlogerie.ch\/de\/wp-json\/wp\/v2\/media?parent=786"}],"curies":[{"name":"wp","href":"https:\/\/api.w.org\/{rel}","templated":true}]}}