{"id":499,"date":"2018-09-10T08:34:09","date_gmt":"2018-09-10T06:34:09","guid":{"rendered":"http:\/\/metiers-horlogerie.ch\/?page_id=499"},"modified":"2021-10-19T08:14:04","modified_gmt":"2021-10-19T06:14:04","slug":"hoehere-berufsbildung","status":"publish","type":"page","link":"https:\/\/metiers-horlogerie.ch\/de\/hoehere-berufsbildung\/","title":{"rendered":"Bildungsg\u00e4nge an HF und FH"},"content":{"rendered":"<div class=\"vce-row-container\" data-vce-boxed-width=\"true\"><div class=\"vce-row vce-row--col-gap-0 vce-row-content--top\" id=\"el-b7723034\" data-vce-do-apply=\"all el-b7723034\"><div class=\"vce-row-content\" data-vce-element-content=\"true\"><div class=\"vce-col vce-col--md-100p vce-col--xs-1 vce-col--xs-last vce-col--xs-first vce-col--sm-last vce-col--sm-first vce-col--md-last vce-col--lg-last vce-col--xl-last vce-col--md-first vce-col--lg-first vce-col--xl-first\" id=\"el-9b39df22\"><div class=\"vce-col-inner\" data-vce-do-apply=\"border margin background  el-9b39df22\"><div class=\"vce-col-content\" data-vce-element-content=\"true\" data-vce-do-apply=\"padding el-9b39df22\"><div class=\"vce-text-block padding-top padding-bottom\"><div class=\"vce-text-block-wrapper vce\" id=\"el-d737676c\" data-vce-do-apply=\"all el-d737676c\"><div class=\"txt-center\"><span class=\"txt-uppercase\">Bildungsg\u00e4nge an HF und FH &amp; Weiterbildung<\/span><\/div>\n<h1>Bildungsg\u00e4nge an HF und FH<\/h1><\/div><\/div><\/div><\/div><\/div><\/div><\/div><\/div><div class=\"vce-row-container\" data-vce-boxed-width=\"true\"><div class=\"vce-row vce-row--col-gap-0 page-metiers-header padding-top vce-row-content--top\" id=\"el-ca8b9609\" data-vce-do-apply=\"all el-ca8b9609\"><div class=\"vce-row-content\" data-vce-element-content=\"true\"><div class=\"vce-col vce-col--md-100p vce-col--xs-1 vce-col--xs-last vce-col--xs-first vce-col--sm-last vce-col--sm-first vce-col--md-last vce-col--lg-last vce-col--xl-last vce-col--md-first vce-col--lg-first vce-col--xl-first\" id=\"el-8ab06b31\"><div class=\"vce-col-inner\" data-vce-do-apply=\"border margin background  el-8ab06b31\"><div class=\"vce-col-content\" data-vce-element-content=\"true\" data-vce-do-apply=\"padding el-8ab06b31\"><div class=\"vce-simple-image-slider page-metiers-slider\"><div class=\"vce-simple-image-slider-wrapper vce\" id=\"el-151d9618\" data-vce-do-apply=\"all el-151d9618\"><div class=\"vce-simple-image-slider-helper vce-simple-image-slider-aspect-ratio--16-9\"><div class=\"vce-simple-image-slider-list\" data-slick-autoplay=\"on\" data-slick-autoplay-delay=\"5000\" data-slick-effect=\"slideIn\" data-slick-dots=\"off\" data-slick-arrows=\"on\"><div class=\"slick-list\"><div class=\"vce-simple-image-slider-arrow vce-simple-image-slider-arrows-color--b-255-196-34 vce-simple-image-slider-arrows-color-hover--fff vce-simple-image-slider-prev-arrow\"><svg width=\"16px\" height=\"25px\" viewBox=\"0 0 16 25\"><polygon id=\"Prev-Arrow\" points=\"12.3743687 5.68434189e-14 0 12.3743687 12.0208153 24.395184 14.1421356 22.2738636 4.31790889 12.4496369 14.5709572 2.19658855\"><\/polygon><\/svg><\/div><div class=\"slick-track\"><div class=\"vce-simple-image-slider-item vc-slick-item\"><div style=\"background-image:url(https:\/\/metiers-horlogerie.ch\/wp-content\/uploads\/page-formationpro1.jpg)\" class=\"vce-simple-image-slider-img vce-simple-image-slider-img--scale vce-simple-image-slider-img--background-position-center-center\"><img decoding=\"async\" class=\"\" src=\"https:\/\/metiers-horlogerie.ch\/wp-content\/uploads\/page-formationpro1.jpg\" style=\"display:none\" alt=\"\"><\/div><\/div><\/div><div class=\"vce-simple-image-slider-arrow vce-simple-image-slider-arrows-color--b-255-196-34 vce-simple-image-slider-arrows-color-hover--fff vce-simple-image-slider-next-arrow\"><svg width=\"16px\" height=\"25px\" viewBox=\"0 0 16 25\"><polygon id=\"Next-Arrow\" points=\"3.02081528 24.395184 15.395184 12.0208153 3.37436867 1.13686838e-13 1.25304833 2.12132034 11.0772751 11.9455471 0.824226734 22.1985954\"><\/polygon><\/svg><\/div><\/div><\/div><div class=\"vce-simple-image-slider-dots vce-simple-image-slider-dots-color--fff vce-simple-image-slider-dots-color-hover--b-255-196-34\"><\/div><\/div><\/div><\/div><\/div><\/div><\/div><\/div><\/div><\/div><div class=\"vce-row-container\" data-vce-boxed-width=\"true\"><div class=\"vce-row vce-row--col-gap-30 container padding-top padding-bottom vce-row-content--top\" id=\"el-b1ae053c\" data-vce-do-apply=\"all el-b1ae053c\"><div class=\"vce-row-content\" data-vce-element-content=\"true\"><div class=\"vce-col vce-col--md-100p vce-col--xs-1 vce-col--xs-last vce-col--xs-first vce-col--sm-last vce-col--sm-first vce-col--md-last vce-col--lg-last vce-col--xl-last vce-col--md-first vce-col--lg-first vce-col--xl-first col-medium-left  col-small-right\" id=\"el-25fc4566\"><div class=\"vce-col-inner\" data-vce-do-apply=\"border margin background  el-25fc4566\"><div class=\"vce-col-content\" data-vce-element-content=\"true\" data-vce-do-apply=\"padding el-25fc4566\"><div class=\"vce-text-block\"><div class=\"vce-text-block-wrapper vce\" id=\"el-db671aa8\" data-vce-do-apply=\"all el-db671aa8\"><h2>Bildungsg\u00e4nge an HF und FH<\/h2><\/div><\/div><div class=\"vce-text-block margin-left\"><div class=\"vce-text-block-wrapper vce\" id=\"el-682117d5\" data-vce-do-apply=\"all el-682117d5\"><big><strong>Auf die erste Ausbildung folgt immer h\u00e4ufiger eine Weiterbildung. Wer vorhandene Kompetenzen vertieft und neue erwirbt, verbessert die Karrierechancen.<\/strong><\/big><\/div><\/div><\/div><\/div><\/div><\/div><\/div><\/div><div class=\"vce-row-container\" data-vce-boxed-width=\"true\"><div class=\"vce-row vce-row--col-gap-30 txt-grey-background vce-row-content--top\" id=\"el-99a861a1\" data-vce-do-apply=\"all el-99a861a1\"><div class=\"vce-content-background-container\"><\/div><div class=\"vce-row-content\" data-vce-element-content=\"true\"><div class=\"vce-col vce-col--md-auto vce-col--xs-1 vce-col--xs-last vce-col--xs-first vce-col--sm-last vce-col--sm-first vce-col--md-last vce-col--lg-last vce-col--xl-last vce-col--md-first vce-col--lg-first vce-col--xl-first\" id=\"el-cfab42d1\"><div class=\"vce-col-inner\" data-vce-do-apply=\"border margin background  el-cfab42d1\"><div class=\"vce-col-content\" data-vce-element-content=\"true\" data-vce-do-apply=\"padding el-cfab42d1\"><div class=\"vce-text-block col-small-left padding-top\" id=\"formations-sup-de\"><div class=\"vce-text-block-wrapper vce\" id=\"el-c1afbde0\" data-vce-do-apply=\"all el-c1afbde0\"><h2>Bildungsg\u00e4nge an HF und FH<\/h2><\/div><\/div><\/div><\/div><\/div><\/div><\/div><\/div><div class=\"vce-row-container\" data-vce-boxed-width=\"true\"><div class=\"vce-row vce-row--col-gap-0 txt-grey-background padding-top padding-bottom vce-row-content--top\" id=\"el-84a4fd93\" data-vce-do-apply=\"all el-84a4fd93\"><div class=\"vce-row-content\" data-vce-element-content=\"true\"><div class=\"vce-col vce-col--md-25p vce-col--xs-1 vce-col--xs-last vce-col--xs-first vce-col--sm-last vce-col--sm-first vce-col--md-first vce-col--lg-first vce-col--xl-first col-medium-left  col-small-right\" id=\"el-8b883b72\"><div class=\"vce-col-inner\" data-vce-do-apply=\"border margin background  el-8b883b72\"><div class=\"vce-col-content\" data-vce-element-content=\"true\" data-vce-do-apply=\"padding el-8b883b72\"><div class=\"vce-text-block\"><div class=\"vce-text-block-wrapper vce\" id=\"el-ee2710d2\" data-vce-do-apply=\"all el-ee2710d2\"><p><strong>H\u00f6here Fachschulen (HF)<\/strong><\/p><\/div><\/div><\/div><\/div><\/div><div class=\"vce-col vce-col--md-25p vce-col--xs-1 vce-col--xs-last vce-col--xs-first vce-col--sm-last vce-col--sm-first col-medium-left  col-small-right\" id=\"el-fe3259a1\"><div class=\"vce-col-inner\" data-vce-do-apply=\"border margin background  el-fe3259a1\"><div class=\"vce-col-content\" data-vce-element-content=\"true\" data-vce-do-apply=\"padding el-fe3259a1\"><div class=\"vce-text-block\"><div class=\"vce-text-block-wrapper vce\" id=\"el-cb08b8b3\" data-vce-do-apply=\"all el-cb08b8b3\">Techniker\/in HF Mikrotechnik<\/div><\/div><div class=\"vce-text-block\"><div class=\"vce-text-block-wrapper vce\" id=\"el-08ccce2b\" data-vce-do-apply=\"all el-08ccce2b\"><p><a class=\"button\" href=\"https:\/\/www.berufsberatung.ch\/dyn\/show\/1900?lang=de&amp;idx=30&amp;id=11284\" target=\"_blank\" rel=\"noopener\">mehr<\/a><\/p><\/div><\/div><\/div><\/div><\/div><div class=\"vce-col vce-col--md-25p vce-col--xs-1 vce-col--xs-last vce-col--xs-first vce-col--sm-last vce-col--sm-first col-medium-left col-small-right\" id=\"el-d5ae3e3a\"><div class=\"vce-col-inner\" data-vce-do-apply=\"border margin background  el-d5ae3e3a\"><div class=\"vce-col-content\" data-vce-element-content=\"true\" data-vce-do-apply=\"padding el-d5ae3e3a\"><div class=\"vce-text-block\"><div class=\"vce-text-block-wrapper vce\" id=\"el-31d70ae9\" data-vce-do-apply=\"all el-31d70ae9\">Gestalter\/in HF Produktdesign<\/div><\/div><div class=\"vce-text-block\"><div class=\"vce-text-block-wrapper vce\" id=\"el-5fb4c6cf\" data-vce-do-apply=\"all el-5fb4c6cf\"><a class=\"button\" href=\"http:\/\/www.eaa-la-chaux-de-fonds.ch\/fr\/formation\/design-dobjets-horlogers.html\" target=\"_blank\" rel=\"noopener\">mehr<\/a><\/div><\/div><\/div><\/div><\/div><div class=\"vce-col vce-col--md-25p vce-col--xs-1 vce-col--xs-last vce-col--xs-first vce-col--sm-last vce-col--sm-first vce-col--md-last vce-col--lg-last vce-col--xl-last col-medium-left col-small-right\" id=\"el-9829f18e\"><div class=\"vce-col-inner\" data-vce-do-apply=\"border margin background  el-9829f18e\"><div class=\"vce-col-content\" data-vce-element-content=\"true\" data-vce-do-apply=\"padding el-9829f18e\"><\/div><\/div><\/div><\/div><\/div><\/div><div class=\"vce-row-container\" data-vce-boxed-width=\"true\"><div class=\"vce-row vce-row--col-gap-0 txt-grey-background padding-top padding-bottom vce-row-content--top\" id=\"el-fe121075\" data-vce-do-apply=\"all el-fe121075\"><div class=\"vce-row-content\" data-vce-element-content=\"true\"><div class=\"vce-col vce-col--md-25p vce-col--xs-1 vce-col--xs-last vce-col--xs-first vce-col--sm-last vce-col--sm-first vce-col--md-first vce-col--lg-first vce-col--xl-first col-medium-left  col-small-right\" id=\"el-b5fd1d19\"><div class=\"vce-col-inner\" data-vce-do-apply=\"border margin background  el-b5fd1d19\"><div class=\"vce-col-content\" data-vce-element-content=\"true\" data-vce-do-apply=\"padding el-b5fd1d19\"><div class=\"vce-text-block\"><div class=\"vce-text-block-wrapper vce\" id=\"el-8011f3b7\" data-vce-do-apply=\"all el-8011f3b7\"><strong>Fachhochschulen (FH)<\/strong><\/div><\/div><\/div><\/div><\/div><div class=\"vce-col vce-col--md-25p vce-col--xs-1 vce-col--xs-last vce-col--xs-first vce-col--sm-last vce-col--sm-first col-medium-left col-small-right\" id=\"el-e5d73daf\"><div class=\"vce-col-inner\" data-vce-do-apply=\"border margin background  el-e5d73daf\"><div class=\"vce-col-content\" data-vce-element-content=\"true\" data-vce-do-apply=\"padding el-e5d73daf\"><div class=\"vce-text-block\"><div class=\"vce-text-block-wrapper vce\" id=\"el-ddc4c49a\" data-vce-do-apply=\"all el-ddc4c49a\">Bachelor of Science in Mikrotechnik<\/div><\/div><div class=\"vce-text-block\"><div class=\"vce-text-block-wrapper vce\" id=\"el-52258950\" data-vce-do-apply=\"all el-52258950\"><a class=\"button\" href=\"https:\/\/www.hes-so.ch\/de\/bachelor-mikrotechnik-580.html\" target=\"_blank\" rel=\"noopener\">mehr<\/a><\/div><\/div><\/div><\/div><\/div><div class=\"vce-col vce-col--md-25p vce-col--xs-1 vce-col--xs-last vce-col--xs-first vce-col--sm-last vce-col--sm-first col-medium-left col-small-right\" id=\"el-4f572750\"><div class=\"vce-col-inner\" data-vce-do-apply=\"border margin background  el-4f572750\"><div class=\"vce-col-content\" data-vce-element-content=\"true\" data-vce-do-apply=\"padding el-4f572750\"><div class=\"vce-text-block\"><div class=\"vce-text-block-wrapper vce\" id=\"el-49df31f8\" data-vce-do-apply=\"all el-49df31f8\">Bachelor of Science in Industrial Design Engineering<\/div><\/div><div class=\"vce-text-block\"><div class=\"vce-text-block-wrapper vce\" id=\"el-a6fa5e03\" data-vce-do-apply=\"all el-a6fa5e03\"><a class=\"button\" href=\"https:\/\/www.orientation.ch\/dyn\/show\/2886?id=31552\" target=\"_blank\" rel=\"noopener\">mehr<\/a><\/div><\/div><\/div><\/div><\/div><div class=\"vce-col vce-col--md-25p vce-col--xs-1 vce-col--xs-last vce-col--xs-first vce-col--sm-last vce-col--sm-first vce-col--md-last vce-col--lg-last vce-col--xl-last col-medium-left col-small-right\" id=\"el-a5b50b27\"><div class=\"vce-col-inner\" data-vce-do-apply=\"border margin background  el-a5b50b27\"><div class=\"vce-col-content\" data-vce-element-content=\"true\" data-vce-do-apply=\"padding el-a5b50b27\"><div class=\"vce-text-block\"><div class=\"vce-text-block-wrapper vce\" id=\"el-52f83e29\" data-vce-do-apply=\"all el-52f83e29\">Master of Science in Engineering<\/div><\/div><div class=\"vce-text-block\"><div class=\"vce-text-block-wrapper vce\" id=\"el-240ff8e3\" data-vce-do-apply=\"all el-240ff8e3\"><a class=\"button\" href=\"https:\/\/www.orientation.ch\/dyn\/show\/2886?id=31776\" target=\"_blank\" rel=\"noopener\">mehr<\/a><\/div><\/div><\/div><\/div><\/div><\/div><\/div><\/div><div class=\"vce-row-container\" data-vce-boxed-width=\"true\"><div class=\"vce-row vce-row--col-gap-30 vce-row-content--top\" id=\"el-4e701e23\" data-vce-do-apply=\"all el-4e701e23\"><div class=\"vce-row-content\" data-vce-element-content=\"true\"><div class=\"vce-col vce-col--md-100p vce-col--xs-1 vce-col--xs-last vce-col--xs-first vce-col--sm-last vce-col--sm-first vce-col--md-last vce-col--lg-last vce-col--xl-last vce-col--md-first vce-col--lg-first vce-col--xl-first padding-bottom\" id=\"el-3aff12fa\"><div class=\"vce-col-inner\" data-vce-do-apply=\"border margin background  el-3aff12fa\"><div class=\"vce-col-content\" data-vce-element-content=\"true\" data-vce-do-apply=\"padding el-3aff12fa\"><\/div><\/div><\/div><\/div><\/div><\/div><div class=\"vce-row-container\" data-vce-boxed-width=\"true\"><div class=\"vce-row vce-row--col-gap-30 txt-grey-background vce-row-content--top\" id=\"el-28b8ebe1\" data-vce-do-apply=\"all el-28b8ebe1\"><div class=\"vce-content-background-container\"><\/div><div class=\"vce-row-content\" data-vce-element-content=\"true\"><div class=\"vce-col vce-col--md-auto vce-col--xs-1 vce-col--xs-last vce-col--xs-first vce-col--sm-last vce-col--sm-first vce-col--md-last vce-col--lg-last vce-col--xl-last vce-col--md-first vce-col--lg-first vce-col--xl-first\" id=\"el-fb3d7b35\"><div class=\"vce-col-inner\" data-vce-do-apply=\"border margin background  el-fb3d7b35\"><div class=\"vce-col-content\" data-vce-element-content=\"true\" data-vce-do-apply=\"padding el-fb3d7b35\"><div class=\"vce-text-block col-small-left padding-top\" id=\"formations-postgrades-de\"><div class=\"vce-text-block-wrapper vce\" id=\"el-095e6cc3\" data-vce-do-apply=\"all el-095e6cc3\"><h2>Weiterbildung<\/h2><\/div><\/div><\/div><\/div><\/div><\/div><\/div><\/div><div class=\"vce-row-container\" data-vce-boxed-width=\"true\"><div class=\"vce-row vce-row--col-gap-0 txt-grey-background padding-top padding-bottom vce-row-content--top\" id=\"el-ddb4c900\" data-vce-do-apply=\"all el-ddb4c900\"><div class=\"vce-row-content\" data-vce-element-content=\"true\"><div class=\"vce-col vce-col--md-33-33p vce-col--xs-1 vce-col--xs-last vce-col--xs-first vce-col--sm-last vce-col--sm-first vce-col--md-first vce-col--lg-first vce-col--xl-first col-medium-left  col-small-right\" id=\"el-259f722c\"><div class=\"vce-col-inner\" data-vce-do-apply=\"border margin background  el-259f722c\"><div class=\"vce-col-content\" data-vce-element-content=\"true\" data-vce-do-apply=\"padding el-259f722c\"><div class=\"vce-text-block\"><div class=\"vce-text-block-wrapper vce\" id=\"el-b5fa0b64\" data-vce-do-apply=\"all el-b5fa0b64\"><p><strong class=\"general-color\">CAS-MH:<\/strong> Certificate of Advanced Studies en Marketing horloger<\/p><\/div><\/div><div class=\"vce-text-block margin-left\"><div class=\"vce-text-block-wrapper vce\" id=\"el-5482bcce\" data-vce-do-apply=\"all el-5482bcce\"><a class=\"button\" href=\"https:\/\/www.he-arc.ch\/sites\/www.he-arc.ch\/files\/GES\/CAS\/CAS-MH\/ges-bro1811112-cas-mh.pdf\" target=\"_blank\" rel=\"noopener\">mehr<\/a><\/div><\/div><\/div><\/div><\/div><div class=\"vce-col vce-col--md-33-33p vce-col--xs-1 vce-col--xs-last vce-col--xs-first vce-col--sm-last vce-col--sm-first vce-col--md-last vce-col--lg-last vce-col--xl-last col-medium-left col-small-right\" id=\"el-39b879e3\"><div class=\"vce-col-inner\" data-vce-do-apply=\"border margin background  el-39b879e3\"><div class=\"vce-col-content\" data-vce-element-content=\"true\" data-vce-do-apply=\"padding el-39b879e3\"><div class=\"vce-text-block\"><div class=\"vce-text-block-wrapper vce\" id=\"el-defb3c0f\" data-vce-do-apply=\"all el-defb3c0f\"><p><strong class=\"general-color\">MAS-CH:<\/strong> Master of Advanced Studies en Conception horlog\u00e8re<\/p><\/div><\/div><div class=\"vce-text-block margin-left\"><div class=\"vce-text-block-wrapper vce\" id=\"el-e15e3306\" data-vce-do-apply=\"all el-e15e3306\"><a class=\"button\" href=\"https:\/\/www.he-arc.ch\/ingenierie\/master-of-advanced-studies-conception-horlogere\" target=\"_blank\" rel=\"noopener\">mehr<\/a><\/div><\/div><\/div><\/div><\/div><\/div><\/div><\/div><div class=\"vce-row-container\"><div class=\"vce-row vce-row--col-gap-20 padding-top vce-row-content--top\" data-vce-full-width=\"true\" id=\"el-ddaf666e\" data-vce-do-apply=\"all el-ddaf666e\"><div class=\"vce-row-content\" data-vce-element-content=\"true\"><div class=\"vce-col vce-col--md-100p vce-col--xs-1 vce-col--xs-last vce-col--xs-first vce-col--sm-last vce-col--sm-first vce-col--md-last vce-col--lg-last vce-col--xl-last vce-col--md-first vce-col--lg-first vce-col--xl-first\" id=\"el-fed5c48f\"><div class=\"vce-col-inner\" data-vce-do-apply=\"border margin background  el-fed5c48f\"><div class=\"vce-col-content\" data-vce-element-content=\"true\" data-vce-do-apply=\"padding el-fed5c48f\"><div class=\"vce-single-image-container vce-single-image--align-left\"><div class=\"vce vce-single-image-wrapper\" id=\"el-30502051\" data-vce-do-apply=\"all el-30502051\"><figure><div class=\"vce-single-image-inner vce-single-image--absolute\" style=\"padding-bottom: 22.5%; width: 2000px;\"><img decoding=\"async\" class=\"vce-single-image\" src=\"https:\/\/metiers-horlogerie.ch\/wp-content\/uploads\/page-formationpro2.jpg\" data-img-src=\"https:\/\/metiers-horlogerie.ch\/wp-content\/uploads\/page-formationpro2.jpg\" alt=\"\" title=\"page-formationpro2\"><\/div><figcaption hidden=\"\"><\/figcaption><\/figure><\/div><\/div><\/div><\/div><\/div><\/div><\/div><\/div>\n","protected":false},"excerpt":{"rendered":"<p>Bildungsg\u00e4nge an HF und FH &amp; Weiterbildung Bildungsg\u00e4nge an HF und FHBildungsg\u00e4nge an HF und FHAuf die erste Ausbildung folgt immer h\u00e4ufiger eine Weiterbildung. Wer vorhandene Kompetenzen vertieft und neue erwirbt, verbessert die Karrierechancen.Bildungsg\u00e4nge an HF und FHH\u00f6here Fachschulen (HF)Techniker\/in HF MikrotechnikmehrGestalter\/in HF ProduktdesignmehrFachhochschulen (FH)Bachelor of Science in MikrotechnikmehrBachelor of Science in Industrial Design EngineeringmehrMaster &hellip; <\/p>\n<p class=\"link-more\"><a href=\"https:\/\/metiers-horlogerie.ch\/de\/hoehere-berufsbildung\/\" class=\"more-link\"><span class=\"screen-reader-text\">\u201eBildungsg\u00e4nge an HF und FH\u201c <\/span>weiterlesen<\/a><\/p>\n","protected":false},"author":1,"featured_media":0,"parent":0,"menu_order":0,"comment_status":"closed","ping_status":"closed","template":"template-metiers.php","meta":{"_acf_changed":false,"_monsterinsights_skip_tracking":false,"_monsterinsights_sitenote_active":false,"_monsterinsights_sitenote_note":"","_monsterinsights_sitenote_category":0,"footnotes":""},"class_list":["post-499","page","type-page","status-publish","hentry"],"acf":[],"yoast_head":"<!-- This site is optimized with the Yoast SEO plugin v27.4 - https:\/\/yoast.com\/product\/yoast-seo-wordpress\/ -->\n<title>Bildungsg\u00e4nge an HF und FH - M\u00e9tiers de l&#039;horlogerie<\/title>\n<meta name=\"robots\" content=\"index, follow, max-snippet:-1, max-image-preview:large, max-video-preview:-1\" \/>\n<link rel=\"canonical\" href=\"https:\/\/metiers-horlogerie.ch\/de\/hoehere-berufsbildung\/\" \/>\n<meta property=\"og:locale\" content=\"de_DE\" \/>\n<meta property=\"og:type\" content=\"article\" \/>\n<meta property=\"og:title\" content=\"Bildungsg\u00e4nge an HF und FH - M\u00e9tiers de l&#039;horlogerie\" \/>\n<meta property=\"og:description\" content=\"Bildungsg\u00e4nge an HF und FH &amp; Weiterbildung Bildungsg\u00e4nge an HF und FHBildungsg\u00e4nge an HF und FHAuf die erste Ausbildung folgt immer h\u00e4ufiger eine Weiterbildung. Wer vorhandene Kompetenzen vertieft und neue erwirbt, verbessert die Karrierechancen.Bildungsg\u00e4nge an HF und FHH\u00f6here Fachschulen (HF)Techniker\/in HF MikrotechnikmehrGestalter\/in HF ProduktdesignmehrFachhochschulen (FH)Bachelor of Science in MikrotechnikmehrBachelor of Science in Industrial Design EngineeringmehrMaster &hellip; \u201eBildungsg\u00e4nge an HF und FH\u201c weiterlesen\" \/>\n<meta property=\"og:url\" content=\"https:\/\/metiers-horlogerie.ch\/de\/hoehere-berufsbildung\/\" \/>\n<meta property=\"og:site_name\" content=\"M\u00e9tiers de l&#039;horlogerie\" \/>\n<meta property=\"article:modified_time\" content=\"2021-10-19T06:14:04+00:00\" \/>\n<meta property=\"og:image\" content=\"http:\/\/|!|vcvUploadUrl|!|\/page-formationpro1.jpg\" \/>\n<meta name=\"twitter:card\" content=\"summary_large_image\" \/>\n<script type=\"application\/ld+json\" class=\"yoast-schema-graph\">{\"@context\":\"https:\\\/\\\/schema.org\",\"@graph\":[{\"@type\":\"WebPage\",\"@id\":\"https:\\\/\\\/metiers-horlogerie.ch\\\/de\\\/hoehere-berufsbildung\\\/\",\"url\":\"https:\\\/\\\/metiers-horlogerie.ch\\\/de\\\/hoehere-berufsbildung\\\/\",\"name\":\"Bildungsg\u00e4nge an HF und FH - M\u00e9tiers de l&#039;horlogerie\",\"isPartOf\":{\"@id\":\"https:\\\/\\\/metiers-horlogerie.ch\\\/#website\"},\"datePublished\":\"2018-09-10T06:34:09+00:00\",\"dateModified\":\"2021-10-19T06:14:04+00:00\",\"breadcrumb\":{\"@id\":\"https:\\\/\\\/metiers-horlogerie.ch\\\/de\\\/hoehere-berufsbildung\\\/#breadcrumb\"},\"inLanguage\":\"de\",\"potentialAction\":[{\"@type\":\"ReadAction\",\"target\":[\"https:\\\/\\\/metiers-horlogerie.ch\\\/de\\\/hoehere-berufsbildung\\\/\"]}]},{\"@type\":\"BreadcrumbList\",\"@id\":\"https:\\\/\\\/metiers-horlogerie.ch\\\/de\\\/hoehere-berufsbildung\\\/#breadcrumb\",\"itemListElement\":[{\"@type\":\"ListItem\",\"position\":1,\"name\":\"Accueil\",\"item\":\"https:\\\/\\\/metiers-horlogerie.ch\\\/de\\\/\"},{\"@type\":\"ListItem\",\"position\":2,\"name\":\"Bildungsg\u00e4nge an HF und FH\"}]},{\"@type\":\"WebSite\",\"@id\":\"https:\\\/\\\/metiers-horlogerie.ch\\\/#website\",\"url\":\"https:\\\/\\\/metiers-horlogerie.ch\\\/\",\"name\":\"M\u00e9tiers de l&#039;horlogerie\",\"description\":\"D\u00e9couvrir les m\u00e9tiers li\u00e9s \u00e0 l&#039;horlogerie\",\"potentialAction\":[{\"@type\":\"SearchAction\",\"target\":{\"@type\":\"EntryPoint\",\"urlTemplate\":\"https:\\\/\\\/metiers-horlogerie.ch\\\/?s={search_term_string}\"},\"query-input\":{\"@type\":\"PropertyValueSpecification\",\"valueRequired\":true,\"valueName\":\"search_term_string\"}}],\"inLanguage\":\"de\"}]}<\/script>\n<!-- \/ Yoast SEO plugin. -->","yoast_head_json":{"title":"Bildungsg\u00e4nge an HF und FH - M\u00e9tiers de l&#039;horlogerie","robots":{"index":"index","follow":"follow","max-snippet":"max-snippet:-1","max-image-preview":"max-image-preview:large","max-video-preview":"max-video-preview:-1"},"canonical":"https:\/\/metiers-horlogerie.ch\/de\/hoehere-berufsbildung\/","og_locale":"de_DE","og_type":"article","og_title":"Bildungsg\u00e4nge an HF und FH - M\u00e9tiers de l&#039;horlogerie","og_description":"Bildungsg\u00e4nge an HF und FH &amp; Weiterbildung Bildungsg\u00e4nge an HF und FHBildungsg\u00e4nge an HF und FHAuf die erste Ausbildung folgt immer h\u00e4ufiger eine Weiterbildung. Wer vorhandene Kompetenzen vertieft und neue erwirbt, verbessert die Karrierechancen.Bildungsg\u00e4nge an HF und FHH\u00f6here Fachschulen (HF)Techniker\/in HF MikrotechnikmehrGestalter\/in HF ProduktdesignmehrFachhochschulen (FH)Bachelor of Science in MikrotechnikmehrBachelor of Science in Industrial Design EngineeringmehrMaster &hellip; \u201eBildungsg\u00e4nge an HF und FH\u201c weiterlesen","og_url":"https:\/\/metiers-horlogerie.ch\/de\/hoehere-berufsbildung\/","og_site_name":"M\u00e9tiers de l&#039;horlogerie","article_modified_time":"2021-10-19T06:14:04+00:00","og_image":[{"url":"|!|vcvUploadUrl|!|\/page-formationpro1.jpg","type":"","width":"","height":""}],"twitter_card":"summary_large_image","schema":{"@context":"https:\/\/schema.org","@graph":[{"@type":"WebPage","@id":"https:\/\/metiers-horlogerie.ch\/de\/hoehere-berufsbildung\/","url":"https:\/\/metiers-horlogerie.ch\/de\/hoehere-berufsbildung\/","name":"Bildungsg\u00e4nge an HF und FH - M\u00e9tiers de l&#039;horlogerie","isPartOf":{"@id":"https:\/\/metiers-horlogerie.ch\/#website"},"datePublished":"2018-09-10T06:34:09+00:00","dateModified":"2021-10-19T06:14:04+00:00","breadcrumb":{"@id":"https:\/\/metiers-horlogerie.ch\/de\/hoehere-berufsbildung\/#breadcrumb"},"inLanguage":"de","potentialAction":[{"@type":"ReadAction","target":["https:\/\/metiers-horlogerie.ch\/de\/hoehere-berufsbildung\/"]}]},{"@type":"BreadcrumbList","@id":"https:\/\/metiers-horlogerie.ch\/de\/hoehere-berufsbildung\/#breadcrumb","itemListElement":[{"@type":"ListItem","position":1,"name":"Accueil","item":"https:\/\/metiers-horlogerie.ch\/de\/"},{"@type":"ListItem","position":2,"name":"Bildungsg\u00e4nge an HF und FH"}]},{"@type":"WebSite","@id":"https:\/\/metiers-horlogerie.ch\/#website","url":"https:\/\/metiers-horlogerie.ch\/","name":"M\u00e9tiers de l&#039;horlogerie","description":"D\u00e9couvrir les m\u00e9tiers li\u00e9s \u00e0 l&#039;horlogerie","potentialAction":[{"@type":"SearchAction","target":{"@type":"EntryPoint","urlTemplate":"https:\/\/metiers-horlogerie.ch\/?s={search_term_string}"},"query-input":{"@type":"PropertyValueSpecification","valueRequired":true,"valueName":"search_term_string"}}],"inLanguage":"de"}]}},"_links":{"self":[{"href":"https:\/\/metiers-horlogerie.ch\/de\/wp-json\/wp\/v2\/pages\/499","targetHints":{"allow":["GET"]}}],"collection":[{"href":"https:\/\/metiers-horlogerie.ch\/de\/wp-json\/wp\/v2\/pages"}],"about":[{"href":"https:\/\/metiers-horlogerie.ch\/de\/wp-json\/wp\/v2\/types\/page"}],"author":[{"embeddable":true,"href":"https:\/\/metiers-horlogerie.ch\/de\/wp-json\/wp\/v2\/users\/1"}],"replies":[{"embeddable":true,"href":"https:\/\/metiers-horlogerie.ch\/de\/wp-json\/wp\/v2\/comments?post=499"}],"version-history":[{"count":17,"href":"https:\/\/metiers-horlogerie.ch\/de\/wp-json\/wp\/v2\/pages\/499\/revisions"}],"predecessor-version":[{"id":3928,"href":"https:\/\/metiers-horlogerie.ch\/de\/wp-json\/wp\/v2\/pages\/499\/revisions\/3928"}],"wp:attachment":[{"href":"https:\/\/metiers-horlogerie.ch\/de\/wp-json\/wp\/v2\/media?parent=499"}],"curies":[{"name":"wp","href":"https:\/\/api.w.org\/{rel}","templated":true}]}}