{"id":1134,"date":"2018-09-18T10:33:13","date_gmt":"2018-09-18T08:33:13","guid":{"rendered":"http:\/\/metiers-horlogerie.ch\/?page_id=1134"},"modified":"2019-10-02T09:33:37","modified_gmt":"2019-10-02T07:33:37","slug":"datenschutzpolitik","status":"publish","type":"page","link":"https:\/\/metiers-horlogerie.ch\/de\/datenschutzpolitik\/","title":{"rendered":"Datenschutzpolitik"},"content":{"rendered":"<div class=\"vce-row-container\"><div class=\"vce-row vce-row--col-gap-30 vce-row-columns--top vce-row-content--top\" id=\"el-3d420a26\" data-vce-do-apply=\"all el-3d420a26\"><div class=\"vce-row-content\" data-vce-element-content=\"true\"><div class=\"vce-col vce-col--md-auto vce-col--xs-1 vce-col--xs-last vce-col--xs-first vce-col--sm-last vce-col--sm-first vce-col--md-last vce-col--lg-last vce-col--xl-last vce-col--md-first vce-col--lg-first vce-col--xl-first\" id=\"el-4ed54dc1\"><div class=\"vce-col-inner\" data-vce-do-apply=\"border margin background  el-4ed54dc1\"><div class=\"vce-col-content\" data-vce-element-content=\"true\" data-vce-do-apply=\"padding el-4ed54dc1\"><\/div><\/div><\/div><\/div><\/div><\/div><div class=\"vce-row-container\"><div class=\"vce-row vce-row--col-gap-0 vce-row-columns--top vce-row-content--top\" id=\"el-ae8b8917\" data-vce-do-apply=\"all el-ae8b8917\"><div class=\"vce-row-content\" data-vce-element-content=\"true\"><div class=\"vce-col vce-col--md-100p vce-col--xs-1 vce-col--xs-last vce-col--xs-first vce-col--sm-last vce-col--sm-first vce-col--md-last vce-col--lg-last vce-col--xl-last vce-col--md-first vce-col--lg-first vce-col--xl-first\" id=\"el-13108c3a\"><div class=\"vce-col-inner\" data-vce-do-apply=\"border margin background  el-13108c3a\"><div class=\"vce-col-content\" data-vce-element-content=\"true\" data-vce-do-apply=\"padding el-13108c3a\"><div class=\"vce-text-block padding-top padding-bottom\"><div class=\"vce-text-block-wrapper vce\" id=\"el-0ee8b770\" data-vce-do-apply=\"all el-0ee8b770\"><div class=\"txt-center\"><span class=\"txt-uppercase\">Informationen<\/span><\/div>\n<h1>Datenschutzpolitik<\/h1><\/div><\/div><\/div><\/div><\/div><\/div><\/div><\/div><div class=\"vce-row-container\"><div class=\"vce-row vce-row--col-gap-30 vce-row-columns--top vce-row-content--top\" id=\"el-8d9b9422\" data-vce-do-apply=\"all el-8d9b9422\"><div class=\"vce-row-content\" data-vce-element-content=\"true\"><div class=\"vce-col vce-col--md-auto vce-col--xs-1 vce-col--xs-last vce-col--xs-first vce-col--sm-last vce-col--sm-first vce-col--md-last vce-col--lg-last vce-col--xl-last vce-col--md-first vce-col--lg-first vce-col--xl-first\" id=\"el-40cfc8b2\"><div class=\"vce-col-inner\" data-vce-do-apply=\"border margin background  el-40cfc8b2\"><div class=\"vce-col-content\" data-vce-element-content=\"true\" data-vce-do-apply=\"padding el-40cfc8b2\"><div class=\"vce-raw-html\"><div class=\"vce-raw-html-wrapper\" id=\"el-a9a2499c\" data-vce-do-apply=\"all el-a9a2499c\"><i>Letzte Aktualisierung: 18.09.2018<\/i>\n\n<section>\n\t<h3>Vorwort<\/h3>\n\tDie Berufe Uhrentechnik nimmt den Schutz von personenbezogenen Daten sehr ernst. Vor diesem Hintergrund verpflichtet sich Berufe Uhrentechnik zur Einhaltung der g\u00fcltigen gesetzlichen Bestimmungen bez\u00fcglich der Verarbeitung von personenbezogenen Daten.<br><br>\n\tDer Schutz nat\u00fcrlicher Personen hinsichtlich der Verarbeitung von personenbezogenen Daten ist ein Grundrecht unabh\u00e4ngig von Nationalit\u00e4t und Wohnort der nat\u00fcrlichen Person. Das Recht auf den Schutz personenbezogener Daten ist jedoch kein absolutes Recht: es ist im Hinblick auf seine Funktion bei der Berufe Uhrentechnik zu betrachten und nach dem Prinzip der Verh\u00e4ltnism\u00e4ssigkeit gegen andere Grundrechte abzuw\u00e4gen.\n<\/section>\n\n<section>\n\t<h3>Erhobene personenbezogene Daten<\/h3>\n\tDie Berufe Uhrentechnik sammelt folgende personenbezogene Daten:\n\t<ul>\n\t\t<li>Identit\u00e4tsdaten: Nutzername;<\/li>\n\t\t<li>Daten der Verbindung zur Website: Daten zu Ihrem Browser (IP-Adresse, Name des Browsers);<\/li>\n\t\t<li>Analysedaten: erlauben die Analyse der Aufrufe und der Gewohnheiten der Seitenbesucher;<\/li>\n\t\t<li>Daten aus den auf unserer Website angebotenen Formularen;<\/li>\n\t\t<li>Daten aus Post- und Digitalsendungen, die Sie an uns gesendet haben.<\/li>\n\t<\/ul>\n<\/section>\n\n<section>\n\t<h3>Zul\u00e4ssige, faire und transparente Verarbeitung zu festen, klaren und legitimen Zwecken<\/h3>\n\tMit den erhobenen personenbezogenen Daten k\u00f6nnen Sicherheit und korrekter Betrieb unserer Website gew\u00e4hrleistet werden.<br>\n\tAlle Angaben, die wir von Ihnen erheben, k\u00f6nnen genutzt werden, um:\n\t<ul>\n\t\t<li>Ihr Nutzererlebnis zu individualisieren und Ihren pers\u00f6nlichen Bed\u00fcrfnissen gerecht zu werden; <\/li>\n\t\t<li>pers\u00f6nliche Werbeinhalte zu erstellen;<\/li>\n\t\t<li>unsere Website zu verbessern;<\/li>\n\t\t<li>den Kundendienst und Ihre Anforderungen an die Betreuung zu verbessern;<\/li>\n\t\t<li>Sie per E-Mail zu kontaktieren;<\/li>\n\t\t<li>ein Preisausschreiben, ein Werbeangebot, einen Newsletter oder eine Umfrage zu verwalten;<\/li>\n\t\t<li>Untersuchungen durchzuf\u00fchren, zu warnen oder Massnahmen zu ergreifen in Bezug auf illegale Aktivit\u00e4ten, mutmasslichen Betrug, Situationen, die eine potenzielle Gef\u00e4hrdung der k\u00f6rperlichen Sicherheit von Personen beinhalten, Verst\u00f6sse gegen unsere Nutzungsbedingungen, oder wenn wir gesetzlich dazu verpflichtet sind.<\/li>\n\t<\/ul>\n\tDie Berufe Uhrentechnik verkauft die erhobenen Daten nicht an Drittgesellschaften weiter. Ihre Daten werden gesch\u00fctzt und ausschliesslich im Rahmen Ihrer Gesch\u00e4ftsbeziehung zur Berufe Uhrentechnik verwendet.\n<\/section>\n\n<section>\n\t<h3>Sparsamer Umgang mit Daten<\/h3>\n\tDie von der Berufe Uhrentechnik geforderten personenbezogenen Daten sind angemessen, relevant und auf das Notwendigste im Hinblick auf den Zweck, zu dem sie verarbeitet werden, beschr\u00e4nkt.\n<\/section>\n\n<section>\n\t<h3>Datengenauigkeit<\/h3>\n\tDie von der Berufe Uhrentechnik erhobenen personenbezogenen Daten sind pr\u00e4zise. Bei unpr\u00e4zisen personenbezogenen Daten hinsichtlich des Zwecks, zu dem sie verarbeitet werden, werden alle notwendigen Massnahmen ergriffen, d.h. sie werden unverz\u00fcglich gel\u00f6scht oder korrigiert.\n<\/section>\n\n<section>\n\t<h3>Begrenzung der Datenspeicherung<\/h3>\n\tDie von der Berufe Uhrentechnik erhobenen personenbezogenen Daten werden so aufbewahrt, dass sie die Identifizierung der betroffenen Personen nicht l\u00e4nger erlauben, als es f\u00fcr den Zweck, zu dem sie verarbeitet werden, notwendig ist.\n<\/section>\n\n<section>\n\t<h3>Integrit\u00e4t und Vertraulichkeit<\/h3>\n\tDie von der Berufe Uhrentechnik verarbeiteten personenbezogenen Daten werden so verarbeitet, dass eine angemessene Sicherheit der personenbezogenen Daten gew\u00e4hrleistet wird. Sie werden mithilfe von angemessenen technischen oder organisatorischen Massnahmen gegen unerlaubte oder unzul\u00e4ssige Verarbeitung und gegen Verlust, Zerst\u00f6rung und unbeabsichtigte Sch\u00e4den gesch\u00fctzt. Die Daten werden auf gesicherten Schweizer Servern gespeichert. Diese Server sind mit der neuesten Hardware-Technik und den besten Schutzvorrichtungen ausgestattet. Zudem wird die SSL-Verschl\u00fcsselung eingesetzt, um online \u00fcbertragene sensible Daten zu sch\u00fctzen. Offline-Daten werden ebenfalls gesch\u00fctzt. Nur die Mitarbeiter, die eine bestimmte Arbeit ausf\u00fchren m\u00fcssen, haben Zugang zu den pers\u00f6nlich identifizierbaren Informationen und sind an das Berufsgeheimnis gebunden. Die f\u00fcr die Speicherung der pers\u00f6nlich identifizierbaren Informationen genutzten Computer werden in einer gesch\u00fctzten Umgebung aufbewahrt.\n<\/section>\n\n<section>\n\t<h3>Verarbeitung der Daten von Kindern<\/h3>\n\tDies erfordert die Zustimmung des Erziehungsberechtigten.\n<\/section>\n\n<section>\n\t<h3>Verwendung von Cookies<\/h3>\n\tCookies sind kleine Dateien, die f\u00fcr eine bestimmte Dauer in Ihrem Browser gespeichert werden. Mit ihnen k\u00f6nnen Ihre Navigationsdaten wie z.B. die Sprachauswahl gespeichert werden.<br><br>\n\n\tAuf der Website der Berufe Uhrentechnik dienen sie statistischen Zwecken. Es werden keine personenbezogenen Daten verkauft oder an nat\u00fcrliche oder juristische Personen weitergegeben. Diese Daten dienen ausschliesslich der Analyse des Traffics auf unserer Website sowie der Analyse ihrer Sicherheit und Funktionsf\u00e4higkeit. Unsere Cookies verbessern die Nutzererfahrung aufgrund der Nachverfolgung und Ausrichtung auf die Interessen des Nutzers. Diese Verwendung von Cookies steht jedoch in keinem Zusammenhang zu den pers\u00f6nlich identifizierbaren Informationen auf unserer Website.\n<\/section>\n\n<section>\n\t<h3>Der Datenschutzbeauftragte<\/h3>\n\tBei allen Fragen oder Kommentaren zur Verarbeitung personenbezogener Daten bei der Berufe Uhrentechnik wenden Sie sich bitte an die folgende E-Mail-Adresse: <a href=\"mailto:info@cpih.ch\"><span class=\"txt-reverse\">hc.hipc@ofni<\/span><\/a>.<br><br>\n\tWir streben danach, Ihre Anfrage innerhalb einer maximalen Frist von einem Monat zu bearbeiten. Um auf Ihren Antrag zugreifen zu k\u00f6nnen, ben\u00f6tigen wir von Ihnen einen Identit\u00e4tsnachweis zwecks Identifizierung und Vertraulichkeit.\n<\/section>\n\n<section>\n\t<h3>Benachrichtigung bei Verstoss gegen den Datenschutz<\/h3>\n\tZwischenf\u00e4lle sind der Kontrollbeh\u00f6rde und der betroffenen Person innerhalb von 72 Stunden nach Bekanntwerden mitzuteilen. Die Berufe Uhrentechnik unterliegt dieser Verpflichtung nicht, wenn der Verstoss gegen den Schutz der personenbezogenen Daten wahrscheinlich keine Risiken f\u00fcr die Freiheiten und Rechte der nat\u00fcrlichen Personen nach sich zieht.\n<\/section>\n\n<section>\n\t<h3>Welche Rechte haben Sie?<\/h3>\n\n\t<h4>Recht auf Information<\/h4>\n\n\tSie haben Zugang zu den Informationen \u00fcber die Verarbeitung Ihrer personenbezogenen Daten und zu den Gr\u00fcnden dieser Verarbeitung. Sie k\u00f6nnen grundlegende Informationen zu diesem Thema erhalten. Der Datenschutzbeauftragte liefert Ihnen die notwendigen Informationen, auch wenn Ihre personenbezogenen Daten noch nicht eingegangen sind.\n\n\t<h4>Recht auf Zugriff<\/h4>\n\n\tSie sind berechtigt, vom Datenschutzbeauftragten die Best\u00e4tigung einzuholen, dass Ihre Sie betreffenden personenbezogenen Daten verarbeitet bzw. nicht verarbeitet werden.\n\n\tWenn der Datenschutzbeauftragte best\u00e4tigt, dass die personenbezogenen Daten verarbeitet werden, hat der Betroffene das Recht, auf seine personenbezogenen Daten zuzugreifen und Informationen einzuholen wie z.B.:\n\n\t<ul>\n\t\t<li>Ziele und Gr\u00fcnde der Verarbeitung;<\/li>\n\t\t<li>Kategorien der jeweiligen personenbezogenen Daten;<\/li>\n\t\t<li>Empf\u00e4nger oder Kategorien der Empf\u00e4nger, an die die personenbezogenen Daten \u00fcbermittelt wurden oder werden, vor allem Empf\u00e4nger mit Niederlassungen in Drittl\u00e4ndern der internationalen Organisationen;<\/li>\n\t\t<li>Vorliegen des Rechts, beim Datenschutzbeauftragten die Berichtigung oder L\u00f6schung der personenbezogenen Daten derbetreffenden Person, eine Begrenzung  der Verarbeitung der personenbezogenen Daten der betreffenden Person oder das Recht, dieser Verarbeitung zu widersprechen, anzufordern bzw. geltend zu machen;<\/li>\n\t\t<li>Recht auf Widerspruch und Beschwerde bei einer Kontrollbeh\u00f6rde.<\/li>\n\t<\/ul>\n\n\t<h4>Recht auf Berichtigung<\/h4>\n\n\tSie haben das Recht, vom Datenschutzbeauftragten innerhalb k\u00fcrzester Zeit die Berichtigung der Sie betreffenden unrichtigen personenbezogenen Daten zu erlangen.\n\n\t<h4>Recht auf L\u00f6schung<\/h4>\n\n\tDer Datenschutzbeauftragte muss die L\u00f6schung Ihrer personenbezogenen Daten vornehmen, wenn sie f\u00fcr den Zweck, zu dem sie erhoben oder verarbeitet wurden, nicht mehr notwendig sind, wenn die betroffene Person ihr Einverst\u00e4ndnis widerruft, auf dem die Verarbeitung beruht, oder wenn die personenbezogenen Daten unzul\u00e4ssigerweise verarbeitet wurden.\n\n\t<h4>Recht auf \u00dcbertragbarkeit der Daten<\/h4>\n\n\tSie sind berechtigt, Ihre personenbezogenen Daten zu erhalten. Die erhaltenen personenbezogenen Daten sind in einem maschinell lesbaren Format zu strukturieren, da Sie berechtigt sind, Ihre Daten an einen anderen Verarbeitungsbeauftragten ohne Unterbrechung durch unseren Datenverarbeitungsbeauftragten, an den Ihre personenbezogenen Daten zuvor geliefert wurden, zu \u00fcbermitteln. \n\n\t<h4>Widerspruchsrecht<\/h4>\n\n\tSie sind berechtigt, der Verarbeitung Ihrer personenbezogenen Daten jederzeit zu widersprechen. Unser Datenverarbeitungsbeauftragter wird Ihre personenbezogenen Daten nicht l\u00e4nger verarbeiten, sofern er nicht nachweisen kann, dass zwingende und zul\u00e4ssige Gr\u00fcnde, die \u00fcber Ihren Interessen, Rechten und Freiheiten stehen, f\u00fcr ihre Verarbeitung oder f\u00fcr die Feststellung, Aus\u00fcbung oder Geltendmachung der Rechte vor Gericht vorliegen, insbesondere im Rahmen einer technisch-rechtlichen Untersuchung. Unser Datenverarbeitungsbeauftragter muss nachweisen, dass ausreichende Beweise f\u00fcr die Datenverarbeitung vorliegen oder dass diese Datenverarbeitung im Rahmen Ihrer gesetzlichen Rechte erfolgt. Kann die Berufe Uhrentechnik eine dieser Anforderungen nicht erf\u00fcllen, so hat sie die Verarbeitung einzustellen.\n\n\t<h4>Recht auf Begrenzungen<\/h4>\n\n\tSie sind berechtigt, eine Begrenzung der Verarbeitung zu fordern, wenn die Verarbeitung unzul\u00e4ssig ist. Sie sind auch berechtigt, der L\u00f6schung Ihrer personenbezogenen Daten zu widersprechen und stattdessen eine Begrenzung ihrer Verwendung zu fordern.\n\n\t<h4>Recht auf K\u00fcndigung<\/h4>\n\n\tDie Berufe Uhrentechnik verwendet die E-Mail-Adresse, die Sie f\u00fcr den Empfang der Newsletter angeben. Wenn Sie sich zu irgendeinem Zeitpunkt abmelden und keine weiteren E-Mails empfangen m\u00f6chten, finden Sie detaillierte Anweisungen zur Abmeldung am Ende einer jeden E-Mail.\n<\/section>\n<\/div><\/div><\/div><\/div><\/div><\/div><\/div><\/div>\n","protected":false},"excerpt":{"rendered":"<p>Informationen DatenschutzpolitikLetzte Aktualisierung: 18.09.2018 Vorwort Die Berufe Uhrentechnik nimmt den Schutz von personenbezogenen Daten sehr ernst. Vor diesem Hintergrund verpflichtet sich Berufe Uhrentechnik zur Einhaltung der g\u00fcltigen gesetzlichen Bestimmungen bez\u00fcglich der Verarbeitung von personenbezogenen Daten. Der Schutz nat\u00fcrlicher Personen hinsichtlich der Verarbeitung von personenbezogenen Daten ist ein Grundrecht unabh\u00e4ngig von Nationalit\u00e4t und Wohnort der nat\u00fcrlichen &hellip; <\/p>\n<p class=\"link-more\"><a href=\"https:\/\/metiers-horlogerie.ch\/de\/datenschutzpolitik\/\" class=\"more-link\"><span class=\"screen-reader-text\">\u201eDatenschutzpolitik\u201c <\/span>weiterlesen<\/a><\/p>\n","protected":false},"author":1,"featured_media":0,"parent":0,"menu_order":0,"comment_status":"closed","ping_status":"closed","template":"template-page.php","meta":{"_acf_changed":false,"_monsterinsights_skip_tracking":false,"_monsterinsights_sitenote_active":false,"_monsterinsights_sitenote_note":"","_monsterinsights_sitenote_category":0,"footnotes":""},"class_list":["post-1134","page","type-page","status-publish","hentry"],"acf":[],"yoast_head":"<!-- This site is optimized with the Yoast SEO plugin v27.4 - https:\/\/yoast.com\/product\/yoast-seo-wordpress\/ -->\n<title>Datenschutzpolitik - M\u00e9tiers de l&#039;horlogerie<\/title>\n<meta name=\"robots\" content=\"index, follow, max-snippet:-1, max-image-preview:large, max-video-preview:-1\" \/>\n<link rel=\"canonical\" href=\"http:\/\/metiers-horlogerie.ch\/de\/datenschutzpolitik\/\" \/>\n<meta property=\"og:locale\" content=\"de_DE\" \/>\n<meta property=\"og:type\" content=\"article\" \/>\n<meta property=\"og:title\" content=\"Datenschutzpolitik - M\u00e9tiers de l&#039;horlogerie\" \/>\n<meta property=\"og:description\" content=\"Informationen DatenschutzpolitikLetzte Aktualisierung: 18.09.2018 Vorwort Die Berufe Uhrentechnik nimmt den Schutz von personenbezogenen Daten sehr ernst. Vor diesem Hintergrund verpflichtet sich Berufe Uhrentechnik zur Einhaltung der g\u00fcltigen gesetzlichen Bestimmungen bez\u00fcglich der Verarbeitung von personenbezogenen Daten. Der Schutz nat\u00fcrlicher Personen hinsichtlich der Verarbeitung von personenbezogenen Daten ist ein Grundrecht unabh\u00e4ngig von Nationalit\u00e4t und Wohnort der nat\u00fcrlichen &hellip; \u201eDatenschutzpolitik\u201c weiterlesen\" \/>\n<meta property=\"og:url\" content=\"http:\/\/metiers-horlogerie.ch\/de\/datenschutzpolitik\/\" \/>\n<meta property=\"og:site_name\" content=\"M\u00e9tiers de l&#039;horlogerie\" \/>\n<meta property=\"article:modified_time\" content=\"2019-10-02T07:33:37+00:00\" \/>\n<meta name=\"twitter:card\" content=\"summary_large_image\" \/>\n<meta name=\"twitter:label1\" content=\"Gesch\u00e4tzte Lesezeit\" \/>\n\t<meta name=\"twitter:data1\" content=\"6\u00a0Minuten\" \/>\n<script type=\"application\/ld+json\" class=\"yoast-schema-graph\">{\"@context\":\"https:\\\/\\\/schema.org\",\"@graph\":[{\"@type\":\"WebPage\",\"@id\":\"http:\\\/\\\/metiers-horlogerie.ch\\\/de\\\/datenschutzpolitik\\\/\",\"url\":\"http:\\\/\\\/metiers-horlogerie.ch\\\/de\\\/datenschutzpolitik\\\/\",\"name\":\"Datenschutzpolitik - M\u00e9tiers de l&#039;horlogerie\",\"isPartOf\":{\"@id\":\"https:\\\/\\\/metiers-horlogerie.ch\\\/#website\"},\"datePublished\":\"2018-09-18T08:33:13+00:00\",\"dateModified\":\"2019-10-02T07:33:37+00:00\",\"breadcrumb\":{\"@id\":\"http:\\\/\\\/metiers-horlogerie.ch\\\/de\\\/datenschutzpolitik\\\/#breadcrumb\"},\"inLanguage\":\"de\",\"potentialAction\":[{\"@type\":\"ReadAction\",\"target\":[\"http:\\\/\\\/metiers-horlogerie.ch\\\/de\\\/datenschutzpolitik\\\/\"]}]},{\"@type\":\"BreadcrumbList\",\"@id\":\"http:\\\/\\\/metiers-horlogerie.ch\\\/de\\\/datenschutzpolitik\\\/#breadcrumb\",\"itemListElement\":[{\"@type\":\"ListItem\",\"position\":1,\"name\":\"Accueil\",\"item\":\"https:\\\/\\\/metiers-horlogerie.ch\\\/de\\\/\"},{\"@type\":\"ListItem\",\"position\":2,\"name\":\"Datenschutzpolitik\"}]},{\"@type\":\"WebSite\",\"@id\":\"https:\\\/\\\/metiers-horlogerie.ch\\\/#website\",\"url\":\"https:\\\/\\\/metiers-horlogerie.ch\\\/\",\"name\":\"M\u00e9tiers de l&#039;horlogerie\",\"description\":\"D\u00e9couvrir les m\u00e9tiers li\u00e9s \u00e0 l&#039;horlogerie\",\"potentialAction\":[{\"@type\":\"SearchAction\",\"target\":{\"@type\":\"EntryPoint\",\"urlTemplate\":\"https:\\\/\\\/metiers-horlogerie.ch\\\/?s={search_term_string}\"},\"query-input\":{\"@type\":\"PropertyValueSpecification\",\"valueRequired\":true,\"valueName\":\"search_term_string\"}}],\"inLanguage\":\"de\"}]}<\/script>\n<!-- \/ Yoast SEO plugin. -->","yoast_head_json":{"title":"Datenschutzpolitik - M\u00e9tiers de l&#039;horlogerie","robots":{"index":"index","follow":"follow","max-snippet":"max-snippet:-1","max-image-preview":"max-image-preview:large","max-video-preview":"max-video-preview:-1"},"canonical":"http:\/\/metiers-horlogerie.ch\/de\/datenschutzpolitik\/","og_locale":"de_DE","og_type":"article","og_title":"Datenschutzpolitik - M\u00e9tiers de l&#039;horlogerie","og_description":"Informationen DatenschutzpolitikLetzte Aktualisierung: 18.09.2018 Vorwort Die Berufe Uhrentechnik nimmt den Schutz von personenbezogenen Daten sehr ernst. Vor diesem Hintergrund verpflichtet sich Berufe Uhrentechnik zur Einhaltung der g\u00fcltigen gesetzlichen Bestimmungen bez\u00fcglich der Verarbeitung von personenbezogenen Daten. Der Schutz nat\u00fcrlicher Personen hinsichtlich der Verarbeitung von personenbezogenen Daten ist ein Grundrecht unabh\u00e4ngig von Nationalit\u00e4t und Wohnort der nat\u00fcrlichen &hellip; \u201eDatenschutzpolitik\u201c weiterlesen","og_url":"http:\/\/metiers-horlogerie.ch\/de\/datenschutzpolitik\/","og_site_name":"M\u00e9tiers de l&#039;horlogerie","article_modified_time":"2019-10-02T07:33:37+00:00","twitter_card":"summary_large_image","twitter_misc":{"Gesch\u00e4tzte Lesezeit":"6\u00a0Minuten"},"schema":{"@context":"https:\/\/schema.org","@graph":[{"@type":"WebPage","@id":"http:\/\/metiers-horlogerie.ch\/de\/datenschutzpolitik\/","url":"http:\/\/metiers-horlogerie.ch\/de\/datenschutzpolitik\/","name":"Datenschutzpolitik - M\u00e9tiers de l&#039;horlogerie","isPartOf":{"@id":"https:\/\/metiers-horlogerie.ch\/#website"},"datePublished":"2018-09-18T08:33:13+00:00","dateModified":"2019-10-02T07:33:37+00:00","breadcrumb":{"@id":"http:\/\/metiers-horlogerie.ch\/de\/datenschutzpolitik\/#breadcrumb"},"inLanguage":"de","potentialAction":[{"@type":"ReadAction","target":["http:\/\/metiers-horlogerie.ch\/de\/datenschutzpolitik\/"]}]},{"@type":"BreadcrumbList","@id":"http:\/\/metiers-horlogerie.ch\/de\/datenschutzpolitik\/#breadcrumb","itemListElement":[{"@type":"ListItem","position":1,"name":"Accueil","item":"https:\/\/metiers-horlogerie.ch\/de\/"},{"@type":"ListItem","position":2,"name":"Datenschutzpolitik"}]},{"@type":"WebSite","@id":"https:\/\/metiers-horlogerie.ch\/#website","url":"https:\/\/metiers-horlogerie.ch\/","name":"M\u00e9tiers de l&#039;horlogerie","description":"D\u00e9couvrir les m\u00e9tiers li\u00e9s \u00e0 l&#039;horlogerie","potentialAction":[{"@type":"SearchAction","target":{"@type":"EntryPoint","urlTemplate":"https:\/\/metiers-horlogerie.ch\/?s={search_term_string}"},"query-input":{"@type":"PropertyValueSpecification","valueRequired":true,"valueName":"search_term_string"}}],"inLanguage":"de"}]}},"_links":{"self":[{"href":"https:\/\/metiers-horlogerie.ch\/de\/wp-json\/wp\/v2\/pages\/1134","targetHints":{"allow":["GET"]}}],"collection":[{"href":"https:\/\/metiers-horlogerie.ch\/de\/wp-json\/wp\/v2\/pages"}],"about":[{"href":"https:\/\/metiers-horlogerie.ch\/de\/wp-json\/wp\/v2\/types\/page"}],"author":[{"embeddable":true,"href":"https:\/\/metiers-horlogerie.ch\/de\/wp-json\/wp\/v2\/users\/1"}],"replies":[{"embeddable":true,"href":"https:\/\/metiers-horlogerie.ch\/de\/wp-json\/wp\/v2\/comments?post=1134"}],"version-history":[{"count":4,"href":"https:\/\/metiers-horlogerie.ch\/de\/wp-json\/wp\/v2\/pages\/1134\/revisions"}],"predecessor-version":[{"id":1744,"href":"https:\/\/metiers-horlogerie.ch\/de\/wp-json\/wp\/v2\/pages\/1134\/revisions\/1744"}],"wp:attachment":[{"href":"https:\/\/metiers-horlogerie.ch\/de\/wp-json\/wp\/v2\/media?parent=1134"}],"curies":[{"name":"wp","href":"https:\/\/api.w.org\/{rel}","templated":true}]}}