{"id":68,"date":"2018-07-04T13:50:43","date_gmt":"2018-07-04T11:50:43","guid":{"rendered":"http:\/\/metiers-horlogerie.ch\/?page_id=68"},"modified":"2021-01-14T14:38:52","modified_gmt":"2021-01-14T13:38:52","slug":"startseite","status":"publish","type":"page","link":"http:\/\/metiers-horlogerie.ch\/de\/","title":{"rendered":"Startseite"},"content":{"rendered":"\n","protected":false},"excerpt":{"rendered":"","protected":false},"author":1,"featured_media":0,"parent":0,"menu_order":0,"comment_status":"closed","ping_status":"closed","template":"template-home.php","meta":{"_acf_changed":false,"_monsterinsights_skip_tracking":false,"_monsterinsights_sitenote_active":false,"_monsterinsights_sitenote_note":"","_monsterinsights_sitenote_category":0,"footnotes":""},"class_list":["post-68","page","type-page","status-publish","hentry"],"acf":[],"yoast_head":"<!-- This site is optimized with the Yoast SEO plugin v27.0 - https:\/\/yoast.com\/product\/yoast-seo-wordpress\/ -->\n<title>Startseite - M\u00e9tiers de l&#039;horlogerie<\/title>\n<meta name=\"robots\" content=\"index, follow, max-snippet:-1, max-image-preview:large, max-video-preview:-1\" \/>\n<link rel=\"canonical\" href=\"https:\/\/metiers-horlogerie.ch\/de\/\" \/>\n<meta property=\"og:locale\" content=\"de_DE\" \/>\n<meta property=\"og:type\" content=\"article\" \/>\n<meta property=\"og:title\" content=\"Startseite - M\u00e9tiers de l&#039;horlogerie\" \/>\n<meta property=\"og:url\" content=\"https:\/\/metiers-horlogerie.ch\/de\/\" \/>\n<meta property=\"og:site_name\" content=\"M\u00e9tiers de l&#039;horlogerie\" \/>\n<meta property=\"article:modified_time\" content=\"2021-01-14T13:38:52+00:00\" \/>\n<meta name=\"twitter:card\" content=\"summary_large_image\" \/>\n<script type=\"application\/ld+json\" class=\"yoast-schema-graph\">{\"@context\":\"https:\/\/schema.org\",\"@graph\":[{\"@type\":\"WebPage\",\"@id\":\"https:\/\/metiers-horlogerie.ch\/de\/\",\"url\":\"https:\/\/metiers-horlogerie.ch\/de\/\",\"name\":\"Startseite - M\u00e9tiers de l&#039;horlogerie\",\"isPartOf\":{\"@id\":\"https:\/\/metiers-horlogerie.ch\/#website\"},\"datePublished\":\"2018-07-04T11:50:43+00:00\",\"dateModified\":\"2021-01-14T13:38:52+00:00\",\"breadcrumb\":{\"@id\":\"https:\/\/metiers-horlogerie.ch\/de\/#breadcrumb\"},\"inLanguage\":\"de\",\"potentialAction\":[{\"@type\":\"ReadAction\",\"target\":[\"https:\/\/metiers-horlogerie.ch\/de\/\"]}]},{\"@type\":\"BreadcrumbList\",\"@id\":\"https:\/\/metiers-horlogerie.ch\/de\/#breadcrumb\",\"itemListElement\":[{\"@type\":\"ListItem\",\"position\":1,\"name\":\"Accueil\",\"item\":\"https:\/\/metiers-horlogerie.ch\/de\/\"},{\"@type\":\"ListItem\",\"position\":2,\"name\":\"Startseite\"}]},{\"@type\":\"WebSite\",\"@id\":\"https:\/\/metiers-horlogerie.ch\/#website\",\"url\":\"https:\/\/metiers-horlogerie.ch\/\",\"name\":\"M\u00e9tiers de l&#039;horlogerie\",\"description\":\"D\u00e9couvrir les m\u00e9tiers li\u00e9s \u00e0 l&#039;horlogerie\",\"potentialAction\":[{\"@type\":\"SearchAction\",\"target\":{\"@type\":\"EntryPoint\",\"urlTemplate\":\"https:\/\/metiers-horlogerie.ch\/?s={search_term_string}\"},\"query-input\":{\"@type\":\"PropertyValueSpecification\",\"valueRequired\":true,\"valueName\":\"search_term_string\"}}],\"inLanguage\":\"de\"}]}<\/script>\n<!-- \/ Yoast SEO plugin. -->","yoast_head_json":{"title":"Startseite - M\u00e9tiers de l&#039;horlogerie","robots":{"index":"index","follow":"follow","max-snippet":"max-snippet:-1","max-image-preview":"max-image-preview:large","max-video-preview":"max-video-preview:-1"},"canonical":"https:\/\/metiers-horlogerie.ch\/de\/","og_locale":"de_DE","og_type":"article","og_title":"Startseite - M\u00e9tiers de l&#039;horlogerie","og_url":"https:\/\/metiers-horlogerie.ch\/de\/","og_site_name":"M\u00e9tiers de l&#039;horlogerie","article_modified_time":"2021-01-14T13:38:52+00:00","twitter_card":"summary_large_image","schema":{"@context":"https:\/\/schema.org","@graph":[{"@type":"WebPage","@id":"https:\/\/metiers-horlogerie.ch\/de\/","url":"https:\/\/metiers-horlogerie.ch\/de\/","name":"Startseite - M\u00e9tiers de l&#039;horlogerie","isPartOf":{"@id":"https:\/\/metiers-horlogerie.ch\/#website"},"datePublished":"2018-07-04T11:50:43+00:00","dateModified":"2021-01-14T13:38:52+00:00","breadcrumb":{"@id":"https:\/\/metiers-horlogerie.ch\/de\/#breadcrumb"},"inLanguage":"de","potentialAction":[{"@type":"ReadAction","target":["https:\/\/metiers-horlogerie.ch\/de\/"]}]},{"@type":"BreadcrumbList","@id":"https:\/\/metiers-horlogerie.ch\/de\/#breadcrumb","itemListElement":[{"@type":"ListItem","position":1,"name":"Accueil","item":"https:\/\/metiers-horlogerie.ch\/de\/"},{"@type":"ListItem","position":2,"name":"Startseite"}]},{"@type":"WebSite","@id":"https:\/\/metiers-horlogerie.ch\/#website","url":"https:\/\/metiers-horlogerie.ch\/","name":"M\u00e9tiers de l&#039;horlogerie","description":"D\u00e9couvrir les m\u00e9tiers li\u00e9s \u00e0 l&#039;horlogerie","potentialAction":[{"@type":"SearchAction","target":{"@type":"EntryPoint","urlTemplate":"https:\/\/metiers-horlogerie.ch\/?s={search_term_string}"},"query-input":{"@type":"PropertyValueSpecification","valueRequired":true,"valueName":"search_term_string"}}],"inLanguage":"de"}]}},"_links":{"self":[{"href":"http:\/\/metiers-horlogerie.ch\/de\/wp-json\/wp\/v2\/pages\/68","targetHints":{"allow":["GET"]}}],"collection":[{"href":"http:\/\/metiers-horlogerie.ch\/de\/wp-json\/wp\/v2\/pages"}],"about":[{"href":"http:\/\/metiers-horlogerie.ch\/de\/wp-json\/wp\/v2\/types\/page"}],"author":[{"embeddable":true,"href":"http:\/\/metiers-horlogerie.ch\/de\/wp-json\/wp\/v2\/users\/1"}],"replies":[{"embeddable":true,"href":"http:\/\/metiers-horlogerie.ch\/de\/wp-json\/wp\/v2\/comments?post=68"}],"version-history":[{"count":11,"href":"http:\/\/metiers-horlogerie.ch\/de\/wp-json\/wp\/v2\/pages\/68\/revisions"}],"predecessor-version":[{"id":2977,"href":"http:\/\/metiers-horlogerie.ch\/de\/wp-json\/wp\/v2\/pages\/68\/revisions\/2977"}],"wp:attachment":[{"href":"http:\/\/metiers-horlogerie.ch\/de\/wp-json\/wp\/v2\/media?parent=68"}],"curies":[{"name":"wp","href":"https:\/\/api.w.org\/{rel}","templated":true}]}}