{"id":3342,"date":"2021-04-19T10:07:40","date_gmt":"2021-04-19T08:07:40","guid":{"rendered":"http:\/\/metiers-horlogerie.ch\/?page_id=3342"},"modified":"2021-04-20T08:08:36","modified_gmt":"2021-04-20T06:08:36","slug":"schnupperlehre","status":"publish","type":"page","link":"http:\/\/metiers-horlogerie.ch\/de\/schnupperlehre\/","title":{"rendered":"Schnupperlehre"},"content":{"rendered":"<div class=\"vce-row-container\" data-vce-boxed-width=\"true\"><div class=\"vce-row vce-row--col-gap-30 container padding-top padding-bottom vce-row-columns--top vce-row-content--top\" id=\"el-c000294c\" data-vce-do-apply=\"all el-c000294c\"><div class=\"vce-content-background-container\"><\/div><div class=\"vce-row-content\" data-vce-element-content=\"true\"><div class=\"vce-col vce-col--md-100p vce-col--xs-1 vce-col--xs-last vce-col--xs-first vce-col--sm-last vce-col--sm-first vce-col--md-last vce-col--lg-last vce-col--xl-last vce-col--md-first vce-col--lg-first vce-col--xl-first col-medium-left  col-small-right\" id=\"el-9e8e7610\"><div class=\"vce-col-inner\" data-vce-do-apply=\"border margin background  el-9e8e7610\"><div class=\"vce-col-content\" data-vce-element-content=\"true\" data-vce-do-apply=\"padding el-9e8e7610\"><div class=\"vce-text-block\"><div class=\"vce-text-block-wrapper vce\" id=\"el-019d9541\" data-vce-do-apply=\"all el-019d9541\"><h2 class=\"p1\"><span class=\"s1\"><b>Wie findet man einen Platz f\u00fcr eine Schnupperlehre?<\/b><\/span><\/h2><\/div><\/div><div class=\"vce-text-block margin-left\"><div class=\"vce-text-block-wrapper vce\" id=\"el-3e681707\" data-vce-do-apply=\"all el-3e681707\"><p class=\"p1\"><span class=\"s1\"><b>Es gibt keine umfassende Liste aller verf\u00fcgbaren Schnupperlehrpl\u00e4tze in der Schweiz.<\/b><\/span><\/p><p class=\"p1\"><span class=\"s1\"><b>Informiere dich in deinem pers\u00f6nlichen Netzwerk und erkundige dich bei den Unternehmen in der N\u00e4he deines Wohnorts, den Berufs-, Studien- und Laufbahnberatungsstellen oder auch den Berufsverb\u00e4nden deines Kantons.<\/b><\/span><\/p><p class=\"p1\"><span class=\"s1\"><b>Der Ball liegt bei dir: Kontaktiere die Betriebe, die ich interessieren, und zeige, weshalb du dich f\u00fcr ihre T\u00e4tigkeit und ihr besonderes Know-how interessierst. Wer weiss: Vielleicht wartet genau dort dein zuk\u00fcnftiger Beruf auf dich!<\/b><\/span><\/p><p class=\"p1\"><span class=\"s1\"><b>Die nachfolgenden Links k\u00f6nnen dir helfen.<\/b><\/span><\/p><\/div><\/div><\/div><\/div><\/div><\/div><\/div><\/div><div class=\"vce-row-container\" data-vce-boxed-width=\"true\"><div class=\"vce-row vce-row--col-gap-30 txt-grey-background vce-row-columns--top vce-row-content--top\" id=\"el-02f1ec4e\" data-vce-do-apply=\"all el-02f1ec4e\"><div class=\"vce-row-content\" data-vce-element-content=\"true\"><div class=\"vce-col vce-col--md-100p vce-col--xs-1 vce-col--xs-last vce-col--xs-first vce-col--sm-last vce-col--sm-first vce-col--md-last vce-col--lg-last vce-col--xl-last vce-col--md-first vce-col--lg-first vce-col--xl-first col-small-left padding-top\" id=\"el-7eb23b77\"><div class=\"vce-col-inner\" data-vce-do-apply=\"border margin background  el-7eb23b77\"><div class=\"vce-col-content\" data-vce-element-content=\"true\" data-vce-do-apply=\"padding el-7eb23b77\"><div class=\"vce-text-block\"><div class=\"vce-text-block-wrapper vce\" id=\"el-d65e3ecf\" data-vce-do-apply=\"all el-d65e3ecf\"><h2>N\u00fctzliche Links<\/h2><\/div><\/div><\/div><\/div><\/div><\/div><\/div><\/div><div class=\"vce-row-container\" data-vce-boxed-width=\"true\"><div class=\"vce-row vce-row--col-gap-0 txt-grey-background vce-row-columns--top vce-row-content--top\" id=\"el-c1aa0ac8\" data-vce-do-apply=\"all el-c1aa0ac8\"><div class=\"vce-row-content\" data-vce-element-content=\"true\"><div class=\"vce-col vce-col--md-33-33p vce-col--xs-1 vce-col--xs-last vce-col--xs-first vce-col--sm-last vce-col--sm-first vce-col--md-first vce-col--lg-first vce-col--xl-first col-medium-left  col-small-right\" id=\"el-7221a3c6\"><div class=\"vce-col-inner\" data-vce-do-apply=\"border margin background  el-7221a3c6\"><div class=\"vce-col-content\" data-vce-element-content=\"true\" data-vce-do-apply=\"padding el-7221a3c6\"><div class=\"vce-text-block\"><div class=\"vce-text-block-wrapper vce\" id=\"el-60288e5b\" data-vce-do-apply=\"all el-60288e5b\"><p><strong> Kantonale Berufs-, Studien- und Laufbahnberatungsstellen <\/strong><\/p><\/div><\/div><div class=\"vce-text-block\"><div class=\"vce-text-block-wrapper vce\" id=\"el-253a2ed9\" data-vce-do-apply=\"all el-253a2ed9\"><p><a class=\"button\" href=\"https:\/\/www.berufsberatung.ch\/dyn\/show\/8242?lang=de\" target=\"_blank\" rel=\"noopener noreferrer\">site web<\/a><\/p><\/div><\/div><\/div><\/div><\/div><div class=\"vce-col vce-col--md-33-33p vce-col--xs-1 vce-col--xs-last vce-col--xs-first vce-col--sm-last vce-col--sm-first col-medium-left  col-small-right\" id=\"el-7d02a024\"><div class=\"vce-col-inner\" data-vce-do-apply=\"border margin background  el-7d02a024\"><div class=\"vce-col-content\" data-vce-element-content=\"true\" data-vce-do-apply=\"padding el-7d02a024\"><div class=\"vce-text-block\"><div class=\"vce-text-block-wrapper vce\" id=\"el-f9f4a56a\" data-vce-do-apply=\"all el-f9f4a56a\"><p><strong>Groupement interprofessionnel (GIP) JU\/BE<\/strong><\/p><\/div><\/div><div class=\"vce-text-block\"><div class=\"vce-text-block-wrapper vce\" id=\"el-57cdfe83\" data-vce-do-apply=\"all el-57cdfe83\"><p><a class=\"button\" href=\"https:\/\/www.mon-stage.ch\/\" target=\"_blank\" rel=\"noopener noreferrer\">site web<\/a><\/p><\/div><\/div><\/div><\/div><\/div><div class=\"vce-col vce-col--md-33-33p vce-col--xs-1 vce-col--xs-last vce-col--xs-first vce-col--sm-last vce-col--sm-first vce-col--md-last vce-col--lg-last vce-col--xl-last col-medium-left col-small-right\" id=\"el-9bd8cd5c\"><div class=\"vce-col-inner\" data-vce-do-apply=\"border margin background  el-9bd8cd5c\"><div class=\"vce-col-content\" data-vce-element-content=\"true\" data-vce-do-apply=\"padding el-9bd8cd5c\"><div class=\"vce-text-block\"><div class=\"vce-text-block-wrapper vce\" id=\"el-6f499a45\" data-vce-do-apply=\"all el-6f499a45\"><div class=\"vce-text-block\"><div id=\"el-dfeff957\" class=\"vce-text-block-wrapper vce\" data-vce-do-apply=\"all el-dfeff957\"><p><strong>Association neuch\u00e2teloise pour la valorisation du savoir-faire m\u00e9canique (COMEC) NE<\/strong><\/p><\/div><\/div><\/div><\/div><div class=\"vce-text-block\"><div class=\"vce-text-block-wrapper vce\" id=\"el-b77835dc\" data-vce-do-apply=\"all el-b77835dc\"><a class=\"button\" href=\"https:\/\/www.comec.ch\/node\/4\" target=\"_blank\" rel=\"noopener noreferrer\">site web<\/a><\/div><\/div><\/div><\/div><\/div><\/div><\/div><\/div><div class=\"vce-row-container\" data-vce-boxed-width=\"true\"><div class=\"vce-row vce-row--col-gap-0 txt-grey-background vce-row-columns--top vce-row-content--top\" id=\"el-bf094aa2\" data-vce-do-apply=\"all el-bf094aa2\"><div class=\"vce-row-content\" data-vce-element-content=\"true\"><div class=\"vce-col vce-col--md-33-33p vce-col--xs-1 vce-col--xs-last vce-col--xs-first vce-col--sm-last vce-col--sm-first vce-col--md-last vce-col--lg-last vce-col--xl-last vce-col--md-first vce-col--lg-first vce-col--xl-first col-medium-left  col-small-right\" id=\"el-208d2245\"><div class=\"vce-col-inner\" data-vce-do-apply=\"border margin background  el-208d2245\"><div class=\"vce-col-content\" data-vce-element-content=\"true\" data-vce-do-apply=\"padding el-208d2245\"><div class=\"vce-text-block\"><div class=\"vce-text-block-wrapper vce\" id=\"el-45c1dcde\" data-vce-do-apply=\"all el-45c1dcde\"><p class=\"p1\"><span class=\"s1\"><b>Lehrstellen f\u00fcr Berufe der Uhrenbranche<\/b><\/span><\/p><\/div><\/div><div class=\"vce-text-block\"><div class=\"vce-text-block-wrapper vce\" id=\"el-3f1ec24b\" data-vce-do-apply=\"all el-3f1ec24b\"><a class=\"button\" href=\"https:\/\/metiers-horlogerie.ch\/de\/lehrstellen\/\" target=\"_self\" rel=\"noopener noreferrer\">site web<\/a><\/div><\/div><\/div><\/div><\/div><\/div><\/div><\/div>\n","protected":false},"excerpt":{"rendered":"<p>Wie findet man einen Platz f\u00fcr eine Schnupperlehre?Es gibt keine umfassende Liste aller verf\u00fcgbaren Schnupperlehrpl\u00e4tze in der Schweiz.Informiere dich in deinem pers\u00f6nlichen Netzwerk und erkundige dich bei den Unternehmen in der N\u00e4he deines Wohnorts, den Berufs-, Studien- und Laufbahnberatungsstellen oder auch den Berufsverb\u00e4nden deines Kantons.Der Ball liegt bei dir: Kontaktiere die Betriebe, die ich interessieren, &hellip; <\/p>\n<p class=\"link-more\"><a href=\"http:\/\/metiers-horlogerie.ch\/de\/schnupperlehre\/\" class=\"more-link\"><span class=\"screen-reader-text\">\u201eSchnupperlehre\u201c <\/span>weiterlesen<\/a><\/p>\n","protected":false},"author":1,"featured_media":3256,"parent":0,"menu_order":0,"comment_status":"closed","ping_status":"closed","template":"template-stages.php","meta":{"_acf_changed":false,"_monsterinsights_skip_tracking":false,"_monsterinsights_sitenote_active":false,"_monsterinsights_sitenote_note":"","_monsterinsights_sitenote_category":0,"footnotes":""},"class_list":["post-3342","page","type-page","status-publish","has-post-thumbnail","hentry"],"acf":[],"yoast_head":"<!-- This site is optimized with the Yoast SEO plugin v27.4 - https:\/\/yoast.com\/product\/yoast-seo-wordpress\/ -->\n<title>Schnupperlehre - M\u00e9tiers de l&#039;horlogerie<\/title>\n<meta name=\"robots\" content=\"index, follow, max-snippet:-1, max-image-preview:large, max-video-preview:-1\" \/>\n<link rel=\"canonical\" href=\"https:\/\/metiers-horlogerie.ch\/de\/schnupperlehre\/\" \/>\n<meta property=\"og:locale\" content=\"de_DE\" \/>\n<meta property=\"og:type\" content=\"article\" \/>\n<meta property=\"og:title\" content=\"Schnupperlehre - M\u00e9tiers de l&#039;horlogerie\" \/>\n<meta property=\"og:description\" content=\"Wie findet man einen Platz f\u00fcr eine Schnupperlehre?Es gibt keine umfassende Liste aller verf\u00fcgbaren Schnupperlehrpl\u00e4tze in der Schweiz.Informiere dich in deinem pers\u00f6nlichen Netzwerk und erkundige dich bei den Unternehmen in der N\u00e4he deines Wohnorts, den Berufs-, Studien- und Laufbahnberatungsstellen oder auch den Berufsverb\u00e4nden deines Kantons.Der Ball liegt bei dir: Kontaktiere die Betriebe, die ich interessieren, &hellip; \u201eSchnupperlehre\u201c weiterlesen\" \/>\n<meta property=\"og:url\" content=\"https:\/\/metiers-horlogerie.ch\/de\/schnupperlehre\/\" \/>\n<meta property=\"og:site_name\" content=\"M\u00e9tiers de l&#039;horlogerie\" \/>\n<meta property=\"article:modified_time\" content=\"2021-04-20T06:08:36+00:00\" \/>\n<meta property=\"og:image\" content=\"https:\/\/metiers-horlogerie.ch\/wp-content\/uploads\/stages-2.jpg\" \/>\n\t<meta property=\"og:image:width\" content=\"1366\" \/>\n\t<meta property=\"og:image:height\" content=\"768\" \/>\n\t<meta property=\"og:image:type\" content=\"image\/jpeg\" \/>\n<meta name=\"twitter:card\" content=\"summary_large_image\" \/>\n<meta name=\"twitter:label1\" content=\"Gesch\u00e4tzte Lesezeit\" \/>\n\t<meta name=\"twitter:data1\" content=\"1\u00a0Minute\" \/>\n<script type=\"application\/ld+json\" class=\"yoast-schema-graph\">{\"@context\":\"https:\\\/\\\/schema.org\",\"@graph\":[{\"@type\":\"WebPage\",\"@id\":\"https:\\\/\\\/metiers-horlogerie.ch\\\/de\\\/schnupperlehre\\\/\",\"url\":\"https:\\\/\\\/metiers-horlogerie.ch\\\/de\\\/schnupperlehre\\\/\",\"name\":\"Schnupperlehre - M\u00e9tiers de l&#039;horlogerie\",\"isPartOf\":{\"@id\":\"https:\\\/\\\/metiers-horlogerie.ch\\\/#website\"},\"primaryImageOfPage\":{\"@id\":\"https:\\\/\\\/metiers-horlogerie.ch\\\/de\\\/schnupperlehre\\\/#primaryimage\"},\"image\":{\"@id\":\"https:\\\/\\\/metiers-horlogerie.ch\\\/de\\\/schnupperlehre\\\/#primaryimage\"},\"thumbnailUrl\":\"http:\\\/\\\/metiers-horlogerie.ch\\\/wp-content\\\/uploads\\\/stages-2.jpg\",\"datePublished\":\"2021-04-19T08:07:40+00:00\",\"dateModified\":\"2021-04-20T06:08:36+00:00\",\"breadcrumb\":{\"@id\":\"https:\\\/\\\/metiers-horlogerie.ch\\\/de\\\/schnupperlehre\\\/#breadcrumb\"},\"inLanguage\":\"de\",\"potentialAction\":[{\"@type\":\"ReadAction\",\"target\":[\"https:\\\/\\\/metiers-horlogerie.ch\\\/de\\\/schnupperlehre\\\/\"]}]},{\"@type\":\"ImageObject\",\"inLanguage\":\"de\",\"@id\":\"https:\\\/\\\/metiers-horlogerie.ch\\\/de\\\/schnupperlehre\\\/#primaryimage\",\"url\":\"http:\\\/\\\/metiers-horlogerie.ch\\\/wp-content\\\/uploads\\\/stages-2.jpg\",\"contentUrl\":\"http:\\\/\\\/metiers-horlogerie.ch\\\/wp-content\\\/uploads\\\/stages-2.jpg\",\"width\":1366,\"height\":768},{\"@type\":\"BreadcrumbList\",\"@id\":\"https:\\\/\\\/metiers-horlogerie.ch\\\/de\\\/schnupperlehre\\\/#breadcrumb\",\"itemListElement\":[{\"@type\":\"ListItem\",\"position\":1,\"name\":\"Accueil\",\"item\":\"https:\\\/\\\/metiers-horlogerie.ch\\\/de\\\/\"},{\"@type\":\"ListItem\",\"position\":2,\"name\":\"Schnupperlehre\"}]},{\"@type\":\"WebSite\",\"@id\":\"https:\\\/\\\/metiers-horlogerie.ch\\\/#website\",\"url\":\"https:\\\/\\\/metiers-horlogerie.ch\\\/\",\"name\":\"M\u00e9tiers de l&#039;horlogerie\",\"description\":\"D\u00e9couvrir les m\u00e9tiers li\u00e9s \u00e0 l&#039;horlogerie\",\"potentialAction\":[{\"@type\":\"SearchAction\",\"target\":{\"@type\":\"EntryPoint\",\"urlTemplate\":\"https:\\\/\\\/metiers-horlogerie.ch\\\/?s={search_term_string}\"},\"query-input\":{\"@type\":\"PropertyValueSpecification\",\"valueRequired\":true,\"valueName\":\"search_term_string\"}}],\"inLanguage\":\"de\"}]}<\/script>\n<!-- \/ Yoast SEO plugin. -->","yoast_head_json":{"title":"Schnupperlehre - M\u00e9tiers de l&#039;horlogerie","robots":{"index":"index","follow":"follow","max-snippet":"max-snippet:-1","max-image-preview":"max-image-preview:large","max-video-preview":"max-video-preview:-1"},"canonical":"https:\/\/metiers-horlogerie.ch\/de\/schnupperlehre\/","og_locale":"de_DE","og_type":"article","og_title":"Schnupperlehre - M\u00e9tiers de l&#039;horlogerie","og_description":"Wie findet man einen Platz f\u00fcr eine Schnupperlehre?Es gibt keine umfassende Liste aller verf\u00fcgbaren Schnupperlehrpl\u00e4tze in der Schweiz.Informiere dich in deinem pers\u00f6nlichen Netzwerk und erkundige dich bei den Unternehmen in der N\u00e4he deines Wohnorts, den Berufs-, Studien- und Laufbahnberatungsstellen oder auch den Berufsverb\u00e4nden deines Kantons.Der Ball liegt bei dir: Kontaktiere die Betriebe, die ich interessieren, &hellip; \u201eSchnupperlehre\u201c weiterlesen","og_url":"https:\/\/metiers-horlogerie.ch\/de\/schnupperlehre\/","og_site_name":"M\u00e9tiers de l&#039;horlogerie","article_modified_time":"2021-04-20T06:08:36+00:00","og_image":[{"width":1366,"height":768,"url":"https:\/\/metiers-horlogerie.ch\/wp-content\/uploads\/stages-2.jpg","type":"image\/jpeg"}],"twitter_card":"summary_large_image","twitter_misc":{"Gesch\u00e4tzte Lesezeit":"1\u00a0Minute"},"schema":{"@context":"https:\/\/schema.org","@graph":[{"@type":"WebPage","@id":"https:\/\/metiers-horlogerie.ch\/de\/schnupperlehre\/","url":"https:\/\/metiers-horlogerie.ch\/de\/schnupperlehre\/","name":"Schnupperlehre - M\u00e9tiers de l&#039;horlogerie","isPartOf":{"@id":"https:\/\/metiers-horlogerie.ch\/#website"},"primaryImageOfPage":{"@id":"https:\/\/metiers-horlogerie.ch\/de\/schnupperlehre\/#primaryimage"},"image":{"@id":"https:\/\/metiers-horlogerie.ch\/de\/schnupperlehre\/#primaryimage"},"thumbnailUrl":"http:\/\/metiers-horlogerie.ch\/wp-content\/uploads\/stages-2.jpg","datePublished":"2021-04-19T08:07:40+00:00","dateModified":"2021-04-20T06:08:36+00:00","breadcrumb":{"@id":"https:\/\/metiers-horlogerie.ch\/de\/schnupperlehre\/#breadcrumb"},"inLanguage":"de","potentialAction":[{"@type":"ReadAction","target":["https:\/\/metiers-horlogerie.ch\/de\/schnupperlehre\/"]}]},{"@type":"ImageObject","inLanguage":"de","@id":"https:\/\/metiers-horlogerie.ch\/de\/schnupperlehre\/#primaryimage","url":"http:\/\/metiers-horlogerie.ch\/wp-content\/uploads\/stages-2.jpg","contentUrl":"http:\/\/metiers-horlogerie.ch\/wp-content\/uploads\/stages-2.jpg","width":1366,"height":768},{"@type":"BreadcrumbList","@id":"https:\/\/metiers-horlogerie.ch\/de\/schnupperlehre\/#breadcrumb","itemListElement":[{"@type":"ListItem","position":1,"name":"Accueil","item":"https:\/\/metiers-horlogerie.ch\/de\/"},{"@type":"ListItem","position":2,"name":"Schnupperlehre"}]},{"@type":"WebSite","@id":"https:\/\/metiers-horlogerie.ch\/#website","url":"https:\/\/metiers-horlogerie.ch\/","name":"M\u00e9tiers de l&#039;horlogerie","description":"D\u00e9couvrir les m\u00e9tiers li\u00e9s \u00e0 l&#039;horlogerie","potentialAction":[{"@type":"SearchAction","target":{"@type":"EntryPoint","urlTemplate":"https:\/\/metiers-horlogerie.ch\/?s={search_term_string}"},"query-input":{"@type":"PropertyValueSpecification","valueRequired":true,"valueName":"search_term_string"}}],"inLanguage":"de"}]}},"_links":{"self":[{"href":"http:\/\/metiers-horlogerie.ch\/de\/wp-json\/wp\/v2\/pages\/3342","targetHints":{"allow":["GET"]}}],"collection":[{"href":"http:\/\/metiers-horlogerie.ch\/de\/wp-json\/wp\/v2\/pages"}],"about":[{"href":"http:\/\/metiers-horlogerie.ch\/de\/wp-json\/wp\/v2\/types\/page"}],"author":[{"embeddable":true,"href":"http:\/\/metiers-horlogerie.ch\/de\/wp-json\/wp\/v2\/users\/1"}],"replies":[{"embeddable":true,"href":"http:\/\/metiers-horlogerie.ch\/de\/wp-json\/wp\/v2\/comments?post=3342"}],"version-history":[{"count":2,"href":"http:\/\/metiers-horlogerie.ch\/de\/wp-json\/wp\/v2\/pages\/3342\/revisions"}],"predecessor-version":[{"id":3626,"href":"http:\/\/metiers-horlogerie.ch\/de\/wp-json\/wp\/v2\/pages\/3342\/revisions\/3626"}],"wp:featuredmedia":[{"embeddable":true,"href":"http:\/\/metiers-horlogerie.ch\/de\/wp-json\/wp\/v2\/media\/3256"}],"wp:attachment":[{"href":"http:\/\/metiers-horlogerie.ch\/de\/wp-json\/wp\/v2\/media?parent=3342"}],"curies":[{"name":"wp","href":"https:\/\/api.w.org\/{rel}","templated":true}]}}